{"id":1118,"date":"2024-10-09T14:09:26","date_gmt":"2024-10-09T14:09:26","guid":{"rendered":"https:\/\/www.dustyteal.com\/?page_id=1118"},"modified":"2024-10-10T10:12:15","modified_gmt":"2024-10-10T10:12:15","slug":"teslimat-iade-kosullari-2","status":"publish","type":"page","link":"https:\/\/www.dustyteal.com\/tr\/teslimat-iade-kosullari-2\/","title":{"rendered":"Mesafeli Sat\u0131\u015f S\u00f6zle\u015fmesi"},"content":{"rendered":"\n<p><strong>MADDE 1 \u2013 TARAFLAR<\/strong><\/p>\n\n<p><strong>1.1<\/strong> SATICI<\/p>\n\n<p><strong>\u00dcNVAN: <\/strong><\/p>\n\n<p><strong>ADRES:<\/strong><\/p>\n\n<p><strong>TELEFON:<\/strong><\/p>\n\n<p><strong>FAKS:<\/strong><\/p>\n\n<p><strong>E-POSTA:<\/strong><\/p>\n\n<p><strong>1.2.<\/strong> ALICI<strong> <\/strong><\/p>\n\n<p><strong>AD\/SOYAD\/\u00dcNVAN:<\/strong><\/p>\n\n<p><strong>ADRES:<\/strong><\/p>\n\n<p><strong>TELEFON:<\/strong><\/p>\n\n<p><strong>E-MAIL<\/strong>:<\/p>\n\n<p><strong>MADDE 2 \u2013 KONU<\/strong><\/p>\n\n<p>\u0130\u015fbu S\u00f6zle\u015fme\u2019nin konusu, M\u00dc\u015eTER\u0130\u2019nin dustyteal.com adl\u0131 internet sitesinden elektronik ortamda sipari\u015fini yapt\u0131\u011f\u0131 ve Madde 3\u2019de kodu, ad\u0131, adedi ve sat\u0131\u015f fiyat\u0131 faturada belirtilen \u00fcr\u00fcn\u00fcn\/\u00fcr\u00fcnlerin sat\u0131\u015f\u0131 ve teslimi ile ilgili olarak 27.11.2014 tarihinde Resmi Gazetede yay\u0131nlanan 6502 say\u0131l\u0131 T\u00fcketicinin Korunmas\u0131 Hakk\u0131ndaki Kanun ve Mesafeli S\u00f6zle\u015fmeler Y\u00f6netmeli\u011fi h\u00fck\u00fcmleri gere\u011fince taraflar\u0131n hak ve y\u00fck\u00fcml\u00fcl\u00fcklerinin saptanmas\u0131d\u0131r. <\/p>\n\n<p><strong>MADDE 3 \u2013 S\u00d6ZLE\u015eME KONUSU \u00dcR\u00dcN, \u00d6DEME VE TESL\u0130MATINA \u0130L\u0130\u015eK\u0130N HUSUSLARIN BEL\u0130RLENMES\u0130<\/strong><\/p>\n\n<p><strong>3.1<\/strong> \u00dcR\u00dcNLER<\/p>\n\n<p>Mal ya da hizmetlerin temel \u00f6zellikleri tuvanam.com adresinde yer almaktad\u0131r. \u00dcr\u00fcnler hakk\u0131nda listelenen ve sitede ilan edilen sat\u0131\u015f fiyat\u0131d\u0131r. \u0130lan edilen fiyatlar ve kampanyalar g\u00fcncelleme yap\u0131lana ve de\u011fi\u015ftirilene kadar ge\u00e7erlili\u011fini koruyacakt\u0131r. S\u00fcreli olarak ilan edilen fiyatlar ise belirtilen s\u00fcre sonuna kadar ge\u00e7erli olacakt\u0131r. S\u00f6zle\u015fme konusu mal ya da hizmetin t\u00fcm vergileri sat\u0131\u015f fiyat\u0131na dahil edilerek sitede yay\u0131nlanmaktad\u0131r.    <\/p>\n\n<p><strong>3.2<\/strong>TESL\u0130MAT \u015eEKL\u0130 VE PLANI<\/p>\n\n<p><strong>Teslimat Adresi:<\/strong><\/p>\n\n<p><strong>Teslim Edilecek Ki\u015fi:<\/strong><\/p>\n\n<p><strong>Fatura Bilgileri<\/strong><\/p>\n\n<p>Sipari\u015f edilen \u00fcr\u00fcn veya \u00fcr\u00fcnlerin Dusty Teal taraf\u0131ndan tedarik edildikten sonra kategorisine g\u00f6re 3-5 i\u015f g\u00fcn\u00fc i\u00e7inde sevkiyat\u0131na ba\u015flanacakt\u0131r. \u0130nternet sitesinde yap\u0131lm\u0131\u015f olan t\u00fcm sipari\u015flerde kargo \u00fccretsiz olup kargo \u00fccreti SATICI taraf\u0131ndan \u00f6denecektir. <\/p>\n\n<p><strong>3.3<\/strong> GEC\u0130KME FA\u0130Z\u0130<\/p>\n\n<p>Al\u0131nan \u00fcr\u00fcnlerin \u00f6demesi pe\u015fin ya da kredi kart\u0131 ile yap\u0131lacakt\u0131r. Bu nedenle SATICI taraf\u0131ndan gecikme faizi uygulanmamaktad\u0131r. <\/p>\n\n<p><strong>MADDE 4 \u2013 GENEL H\u00dcK\u00dcMLER<\/strong><\/p>\n\n<p><strong>4.1.<\/strong> dustyteal.com internet sitesinde s\u00f6zle\u015fme konusu \u00fcr\u00fcn\u00fcn temel nitelikleri, t\u00fcm vergiler d\u00e2hil sat\u0131\u015f fiyat\u0131 ve \u00f6deme \u015fekli ile teslimata ve bunun masraflar\u0131n\u0131n ALICI taraf\u0131ndan kar\u015f\u0131lanaca\u011f\u0131na, teslimat\u0131n ger\u00e7ekle\u015ftirilece\u011fi s\u00fcreye ve SATICI\u2019n\u0131n tam ticari unvan\u0131, a\u00e7\u0131k adresi ve ileti\u015fim bilgilerine ili\u015fkin \u00f6n bilgileri okuyup do\u011fru ve eksiksiz bir \u015fekilde bilgi sahibi oldu\u011funu ve elektronik ortamda gerekli teyidi verdi\u011fini beyan eder.<\/p>\n\n<p><strong>4.2.<\/strong> S\u00f6zle\u015fme konusu \u00fcr\u00fcn ya da hizmet yasal 30 g\u00fcnl\u00fck s\u00fcreyi a\u015fmamak ko\u015fulu ile her bir \u00fcr\u00fcn i\u00e7in ALICI`n\u0131n yerle\u015fim yerinin uzakl\u0131\u011f\u0131na ba\u011fl\u0131 olarak internet sitesinde \u00f6n bilgiler i\u00e7inde a\u00e7\u0131klanan s\u00fcre i\u00e7inde ALICI veya g\u00f6sterdi\u011fi adresteki ki\u015fi\/kurulu\u015fa teslim edilir. Madde 3\u2019te g\u00f6sterilen teslimata ili\u015fkin her t\u00fcrl\u00fc kargo \u00fccreti SATICI taraf\u0131ndan kar\u015f\u0131lanacak olup ALICI\u2019n\u0131n sipari\u015fine ili\u015fkin faturas\u0131na \u201cG\u00f6nderim \u00dccreti\u201d ad\u0131 alt\u0131nda yans\u0131t\u0131lmayacak olup \u00fcr\u00fcn bedeline dahildir. <\/p>\n\n<p><strong>4.3.<\/strong> S\u00f6zle\u015fme konusu \u00fcr\u00fcn, ALICI\u2019dan ba\u015fka bir ki\u015fi\/kurulu\u015fa teslim edilecek ise, teslim edilecek ki\u015fi\/kurulu\u015fun teslimat\u0131 kabul etmemesinden SATICI sorumlu tutulamaz.<\/p>\n\n<p><strong>4.4.<\/strong> Kargo firmas\u0131n\u0131n, \u00fcr\u00fcn\u00fc ALICI\u2019ya teslimi a\u015famas\u0131nda kar\u015f\u0131la\u015faca\u011f\u0131 her t\u00fcrl\u00fc sorun nedeniyle, sipari\u015fi verilen \u00fcr\u00fcn\u00fcn ALICI\u2019ya teslim edilememesinden dolay\u0131 SATICI sorumlu tutulamaz. Teslim an\u0131nda ALICININ adresinde bulunmamas\u0131 durumunda dahi SATICI edimini tam ve eksiksiz olarak yerine getirmi\u015f olarak kabul edilecektir. Bu nedenle, ALICI\u2019NIN \u00fcr\u00fcn\u00fc ge\u00e7 teslim almas\u0131ndan kaynaklanan her t\u00fcrl\u00fc zarar ile \u00fcr\u00fcn\u00fcn kargo \u015firketinde beklemi\u015f olmas\u0131 ve\/veya kargonun SATICI\u2019ya iade edilmesinden dolay\u0131 olu\u015fan giderlere ALICI katlanacakt\u0131r.  <\/p>\n\n<p><strong>4.5.<\/strong> S\u00f6zle\u015fmeye konu hizmet(ler)e ili\u015fkin \u00f6demenin ALICI taraf\u0131ndan kredi kart\u0131 ile yap\u0131lmas\u0131 durumunda, ALICI ile kredi kart\u0131 sahibinin ya da hizmetin sunulaca\u011f\u0131 ki\u015finin farkl\u0131 olmas\u0131ndan kaynaklanabilecek olan, kredi kart\u0131n\u0131n yetkisiz ki\u015filerce haks\u0131z ve hukuka ayk\u0131r\u0131 olarak kullan\u0131lmas\u0131 da dahil olmak \u00fczere t\u00fcrl\u00fc hukuki risk, ALICI\u2019ya aittir. ALICI, bahsi ge\u00e7en durumlarda herhangi bir \u015fekilde zarara u\u011framas\u0131 halinde SATICI\u2019dan hi\u00e7bir talepte bulunmayaca\u011f\u0131n\u0131 kabul ve taahh\u00fct eder. <\/p>\n\n<p><strong>4.6.<\/strong> \u00dcr\u00fcn hakk\u0131nda onar\u0131m talep edilmesi halinde T\u00fcketici Kanunu ve ilgili y\u00f6netmeliklerinde belirtilen s\u00fcreler uygulan\u0131r.<\/p>\n\n<p><strong>4.7.<\/strong> SATICI, hakl\u0131 bir sebebe dayanmak \u015fart\u0131yla, s\u00f6zle\u015fmeden do\u011fan ifa y\u00fck\u00fcml\u00fcl\u00fc\u011f\u00fcn\u00fcn s\u00fcresi dolmadan ALICI\u2019ya e\u015fit kalite ve fiyatta farkl\u0131 bir \u00fcr\u00fcn tedarik edebilir.<\/p>\n\n<p><strong>4.8.<\/strong> SATICI m\u00fccbir sebepler veya nakliyeyi engelleyen hava muhalefeti, ula\u015f\u0131m\u0131n kesilmesi gibi ola\u011fan\u00fcst\u00fc durumlar nedeni ile s\u00f6zle\u015fme konusu \u00fcr\u00fcn\u00fc s\u00fcresi i\u00e7inde teslim edemez ise, durumu ALICI`ya bildirmekle y\u00fck\u00fcml\u00fcd\u00fcr. Bu takdirde ALICI sipari\u015fin iptal edilmesini, s\u00f6zle\u015fme konusu \u00fcr\u00fcn\u00fcn varsa emsali ile de\u011fi\u015ftirilmesini ve\/veya teslimat s\u00fcresinin engelleyici durumun ortadan kalkmas\u0131na kadar ertelenmesi haklar\u0131ndan birini kullanabilir. ALICI`n\u0131n sipari\u015fi iptal etmesi halinde \u00f6dedi\u011fi tutar 10 g\u00fcn i\u00e7inde sipari\u015findeki \u00f6deme \u015fekline g\u00f6re defaten iade edilir.  <\/p>\n\n<p><strong>4.9.<\/strong> Tahsilat\u0131 yap\u0131lm\u0131\u015f bir sipari\u015fin teslimat\u0131, ge\u00e7ici bir aksakl\u0131k olmad\u0131\u011f\u0131 s\u00fcrece son kullan\u0131c\u0131lar i\u00e7in arac\u0131 kargo \u015firketini herhangi bir bilgi vermeksizin de\u011fi\u015ftirme hakk\u0131n\u0131 sakl\u0131 tutar.<\/p>\n\n<p><strong>4.10.<\/strong> \u00dcr\u00fcn\u00fcn tesliminden sonra ALICI\u2019ya ait kredi kart\u0131n\u0131n, banka kart\u0131n\u0131n, debit kart\u0131n\u0131n ve\/veya \u0130nternet Sitesinde sunulan di\u011fer \u00f6deme sistemlerinin ALICI\u2019n\u0131n kusurundan kaynaklanmayan bir \u015fekilde yetkisiz ki\u015filerce haks\u0131z veya hukuka ayk\u0131r\u0131 olarak kullan\u0131lmas\u0131 nedeni ile ilgili banka veya finans kurulu\u015fun \u00fcr\u00fcn bedelini SATICI\u2019ya \u00f6dememesi halinde, ALICI\u2019n\u0131n kendisine teslim edilmi\u015f olmas\u0131 kayd\u0131yla ilgili \u00fcr\u00fcn\u00fc 3 (\u00dc\u00e7) g\u00fcn i\u00e7inde SATICI\u2019ya iade g\u00f6ndermesi zorunludur. Bu takdirde nakliye giderleri ALICI\u2019ya aittir.  <\/p>\n\n<p><strong>4.11.<\/strong> Paket teslim al\u0131nd\u0131ktan sonra teslimat\u00e7\u0131 firman\u0131n g\u00f6revini lay\u0131k\u0131yla yapt\u0131\u011f\u0131 kabul edilmi\u015f say\u0131l\u0131r. Bu y\u00fczden, teslimat s\u0131ras\u0131nda hasarl\u0131 oldu\u011fu tespit edilen paketler kabul edilmeyip tutanak tutturulmal\u0131d\u0131r. <\/p>\n\n<p><strong>MADDE 5 &#8211; \u00d6DEME \u0130ADE PROSED\u00dcR\u00dc<\/strong><\/p>\n\n<p><strong> <\/strong><strong>5.1.<\/strong> ALICI\u2019n\u0131n cayma hakk\u0131n\u0131 kulland\u0131\u011f\u0131 durumlarda veya sipari\u015fin konusu olan \u00fcr\u00fcn\u00fcn \u00e7e\u015fitli sebeplerle tedarik edilememesi veya hakem heyeti kararlar\u0131 ile ALICI\u2019ya bedel iadesine karar verilen durumlarda, SATICI tahsil etmi\u015f oldu\u011fu tutar\u0131n tamam\u0131 kredi kart\u0131, banka kart\u0131 ve\/veya debit kart\u0131 ve \u0130nternet Sitesinde sunulan di\u011fer \u00f6deme sistemleri ile yapt\u0131\u011f\u0131 \u00f6demelerde, \u00fcr\u00fcn tutar\u0131, sipari\u015fin ALICI taraf\u0131ndan iptal edilmesinden sonra 14 (On d\u00f6rt) g\u00fcn i\u00e7erisinde ilgili bankaya iade edilir. Banka taraf\u0131ndan ALICI \u00fcr\u00fcn\u00fc ka\u00e7 taksit ile ald\u0131ysa \u00f6deme iadesini de yine taksitli olarak ayn\u0131 adetli taksitle ALICI kredi kartlar\u0131na yap\u0131lmaktad\u0131r. Bu tutar\u0131n bankaya iadesinden sonra ALICI hesaplar\u0131na yans\u0131mas\u0131 tamamen bankalar\u0131n s\u00fcreci ile ilgili olmakla, SATICI\u2019n\u0131n bu hususa ili\u015fkin herhangi bir \u015fekilde m\u00fcdahalede bulunmas\u0131 m\u00fcmk\u00fcn de\u011fildir.   <\/p>\n\n<p><strong>5.2.<\/strong> \u0130ade veya de\u011fi\u015fikli\u011fi istenen \u00fcr\u00fcnler ayr\u0131 bir paket\/ koli i\u00e7erisinde konularak, kargoda hasar g\u00f6rmeyecek \u015fekilde geri g\u00f6nderilmelidir. \u00dcr\u00fcnlerin orijinal kolileri \u00fczerinde meydana gelebilecek hasar ve \u00fczerlerine yap\u0131\u015ft\u0131r\u0131lan kargo vs. etiketleri, \u00fcr\u00fcnlerin orijinalli\u011fini ve dolay\u0131s\u0131yla yeniden sat\u0131labilirli\u011fini bozdu\u011fu i\u00e7in, iade veya de\u011fi\u015fimleri m\u00fcmk\u00fcn olamayacakt\u0131r.  <\/p>\n\n<p><strong>MADDE 6 \u2013 CAYMA HAKKI<\/strong><\/p>\n\n<p><strong>6.1.<\/strong> T\u00fcketici; mal sat\u0131\u015f\u0131na ili\u015fkin mesafeli s\u00f6zle\u015fmelerde, teslim ald\u0131\u011f\u0131 tarihten itibaren 14 g\u00fcn i\u00e7erisinde hi\u00e7bir hukuki ve cezai sorumluluk \u00fcstlenmeksizin ve hi\u00e7bir gerek\u00e7e g\u00f6stermeksizin mal\u0131 reddederek s\u00f6zle\u015fmeden cayma hakk\u0131na sahiptir. Fakat web sitemizde sat\u0131\u015fta olan baz\u0131 \u00fcr\u00fcnler sipari\u015f \u00fczerine dikilmekte olup bu elbiselerde iade kabul edilmemektedir. \u0130lgili \u00fcr\u00fcnlerin detay sayfalar\u0131nda bu ibare a\u00e7\u0131k\u00e7a belirtilmi\u015ftir. Hizmet sunumuna ili\u015fkin mesafeli s\u00f6zle\u015fmelerde ise, bu s\u00fcre s\u00f6zle\u015fmenin imzaland\u0131\u011f\u0131 tarihte ba\u015flar. S\u00f6zle\u015fmede, hizmetin ifas\u0131n\u0131n 14 g\u00fcnl\u00fck s\u00fcre dolmadan yap\u0131lmas\u0131 kararla\u015ft\u0131r\u0131lm\u0131\u015fsa, M\u00fc\u015fteri ifan\u0131n ba\u015flayaca\u011f\u0131 tarihe kadar cayma hakk\u0131n\u0131 kullanabilir. Cayma hakk\u0131n\u0131n kullan\u0131m\u0131ndan kaynaklanan masraflar \u00fcr\u00fcn\u00fcn SATICI\u2019n\u0131n anla\u015fmal\u0131 oldu\u011fu Kargo firmas\u0131 ile g\u00f6nderilmesi halinde SATICI\u2019ya aittir.     <\/p>\n\n<p><strong>6.2.<\/strong> Cayma hakk\u0131n\u0131n kullan\u0131lmas\u0131 i\u00e7in 14 g\u00fcnl\u00fck s\u00fcre i\u00e7inde SATICI\u2019ya i\u015fbu S\u00f6zle\u015fme\u2019nin 1. Maddesinde belirtilen fax, telefon ya da elektronik posta yoluyla bildirimde bulunulmas\u0131 ve \u00fcr\u00fcn\u00fcn mesafeli sat\u0131\u015f s\u00f6zle\u015fmesi h\u00fck\u00fcmlerine uygun olarak kullan\u0131lmam\u0131\u015f olmas\u0131 gereklidir. Cayma hakk\u0131 kapsam\u0131nda \u00fcr\u00fcn\u00fcn mesafeli sat\u0131\u015f s\u00f6zle\u015fmesi i\u00e7eri\u011finde yer alan 6. Madde h\u00fck\u00fcmleri \u00e7er\u00e7evesinde kullan\u0131lmam\u0131\u015f olmas\u0131 \u015fartt\u0131r. \u0130ade \u00fcr\u00fcn\u00fcn SATICI\u2019n\u0131n anla\u015fmal\u0131 oldu\u011fu kargo firmas\u0131 ile iade edilmesi halinde, iade sevkiyat masraflar\u0131 SATICI taraf\u0131ndan kar\u015f\u0131lanacakt\u0131r.  <\/p>\n\n<p><strong>14 <\/strong>g\u00fcnl\u00fck s\u00fcre i\u00e7erisinde iade edilecek \u00fcr\u00fcnlerin kutusu, ambalaj\u0131 ile birlikte <strong>eksiksiz ve hasars\u0131z<\/strong> olarak teslim edilmesi gerekmektedir. Bu belgelerin Sat\u0131c\u0131\u2019ya ula\u015fmas\u0131n\u0131 takip eden 14 g\u00fcn i\u00e7inde \u00fcr\u00fcn bedeli M\u00fc\u015fteri\u2019ye iade edilir. <\/p>\n\n<p><strong>6.4.<\/strong> Bu hakk\u0131n kullan\u0131lmas\u0131 halinde, 3. ki\u015fiye veya ALICI`ya teslim edilen \u00fcr\u00fcn\u00fcn SATICI`ya g\u00f6nderildi\u011fine ili\u015fkin kargo teslim tutana\u011f\u0131 \u00f6rne\u011fi ile fatura asl\u0131n\u0131n iadesi zorunludur. Fatura asl\u0131 g\u00f6nderilmez ise KDV ve varsa sair yasal y\u00fck\u00fcml\u00fcl\u00fckler iade edilemez. <\/p>\n\n<p><strong>MADDE 7 \u2013 CAYMA HAKKI KULLANILAMAYACAK \u00dcR\u00dcNLER<\/strong><\/p>\n\n<p>Taraflarca aksi kararla\u015ft\u0131r\u0131lmad\u0131k\u00e7a, t\u00fcketici a\u015fa\u011f\u0131daki s\u00f6zle\u015fmelerde cayma hakk\u0131n\u0131 kullanamaz,<br\/><\/p>\n\n<ol class=\"wp-block-list\">\n<li>a) Fiyat\u0131 finansal piyasalardaki dalgalanmalara ba\u011fl\u0131 olarak de\u011fi\u015fen ve sat\u0131c\u0131 veya sa\u011flay\u0131c\u0131n\u0131n kontrol\u00fcnde olmayan mal veya hizmetlere ili\u015fkin s\u00f6zle\u015fmeler,<\/li>\n\n\n\n<li>b) T\u00fcketicinin istekleri veya ki\u015fisel ihtiya\u00e7lar\u0131 do\u011frultusunda haz\u0131rlanan mallara ili\u015fkin s\u00f6zle\u015fmeler.<\/li>\n\n\n\n<li>c) \u00c7abuk bozulabilen veya son kullanma tarihi ge\u00e7ebilecek mallar\u0131n teslimine ili\u015fkin s\u00f6zle\u015fmeler.<\/li>\n<\/ol>\n\n<p>\u00e7) Tesliminden sonra ambalaj, bant, m\u00fch\u00fcr, paket gibi koruyucu unsurlar\u0131 a\u00e7\u0131lm\u0131\u015f olan mallardan; iadesi sa\u011fl\u0131k ve hijyen a\u00e7\u0131s\u0131ndan uygun olmayanlar\u0131n teslimine ili\u015fkin s\u00f6zle\u015fmeler.<\/p>\n\n<ol class=\"wp-block-list\">\n<li>Tesliminden sonra ba\u015fka \u00fcr\u00fcnlerle kar\u0131\u015fan ve do\u011fas\u0131 gere\u011fi ayr\u0131\u015ft\u0131r\u0131lmas\u0131 m\u00fcmk\u00fcn olmayan mallara ili\u015fkin s\u00f6zle\u015fmeler,<\/li>\n\n\n\n<li>e) Mal\u0131n tesliminden sonra ambalaj, bant, m\u00fch\u00fcr, paket gibi koruyucu unsurlar\u0131 a\u00e7\u0131lm\u0131\u015f olmas\u0131 halinde maddi ortamda sunulan kitap, dijital i\u00e7erik ve bilgisayar sarf malzemelerine ili\u015fkin s\u00f6zle\u015fmeler.<\/li>\n\n\n\n<li>f) Abonelik s\u00f6zle\u015fmesi kapsam\u0131nda sa\u011flananlar d\u0131\u015f\u0131nda, gazete ve dergi gibi s\u00fcreli yay\u0131nlar\u0131n teslimine ili\u015fkin s\u00f6zle\u015fmeler.<\/li>\n\n\n\n<li>g) Belirli bir tarihte veya d\u00f6nemde yap\u0131lmas\u0131 gereken, konaklama, e\u015fya ta\u015f\u0131ma, araba kiralama, yiyecek-i\u00e7ecek tedariki ve e\u011flence veya dinlenme amac\u0131yla yap\u0131lan bo\u015f zaman\u0131n de\u011ferlendirilmesine ili\u015fkin s\u00f6zle\u015fmeler.<\/li>\n<\/ol>\n\n<p>\u011f) Elektronik ortamda an\u0131nda ifa edilen hizmetler veya t\u00fcketiciye an\u0131nda teslim edilen gayri maddi mallara ili\u015fkin s\u00f6zle\u015fmeler.<\/p>\n\n<ol class=\"wp-block-list\">\n<li>h) Cayma hakk\u0131 s\u00fcresi sona ermeden \u00f6nce, t\u00fcketicinin onay\u0131 ile ifas\u0131na ba\u015flanan hizmetlere ili\u015fkin s\u00f6zle\u015fmeler<\/li>\n<\/ol>\n\n<p><strong>MADDE 8 \u2013 YETK\u0130L\u0130 MAHKEME<\/strong><\/p>\n\n<p>\u0130\u015fbu S\u00f6zle\u015fmenin uygulanmas\u0131ndan do\u011facak uyu\u015fmazl\u0131klarda T\u00fcrk Hukuku ge\u00e7erli olup, \u0130zmir (Merkez) Mahkemeleri ve \u0130cra M\u00fcd\u00fcrl\u00fckleri yetkilidir.<\/p>\n\n<p>\u0130\u015fbu S\u00f6zle\u015fme elektronik ortamda taraflarca okunup, kabul edilip, teyit edilmi\u015ftir. \u0130\u015fbu S\u00f6zle\u015fmede d\u00fczenlenmemi\u015f hususlarda 6502 say\u0131l\u0131 T\u00fcketicinin Korunmas\u0131 Hakk\u0131nda Kanun ve ilgili mevzuat h\u00fck\u00fcmleri uygulan\u0131r. Sipari\u015fin ger\u00e7ekle\u015fmesi durumunda ALICI i\u015fbu s\u00f6zle\u015fmenin t\u00fcm ko\u015fullar\u0131n\u0131 kabul etmi\u015f say\u0131l\u0131r.  <\/p>\n\n<p><strong>SATICI:<\/strong><\/p>\n\n<p><strong>ALICI:<\/strong><\/p>\n\n<p><strong>TAR\u0130H:<\/strong><\/p>\n\n<p><\/p>\n","protected":false},"excerpt":{"rendered":"<p>MADDE 1 \u2013 TARAFLAR 1.1 SATICI \u00dcNVAN: ADRES: TELEFON: FAKS: E-POSTA: 1.2. ALICI AD\/SOYAD\/\u00dcNVAN: ADRES: TELEFON: E-MAIL: MADDE 2 \u2013 KONU \u0130\u015fbu S\u00f6zle\u015fme\u2019nin konusu, M\u00dc\u015eTER\u0130\u2019nin dustyteal.com adl\u0131 internet sitesinden elektronik ortamda sipari\u015fini yapt\u0131\u011f\u0131 ve Madde 3\u2019de kodu, ad\u0131, adedi ve sat\u0131\u015f fiyat\u0131 faturada belirtilen \u00fcr\u00fcn\u00fcn\/\u00fcr\u00fcnlerin sat\u0131\u015f\u0131 ve teslimi ile ilgili olarak 27.11.2014 tarihinde Resmi Gazetede [&#8230;]\n","protected":false},"author":1,"featured_media":0,"parent":0,"menu_order":0,"comment_status":"closed","ping_status":"closed","template":"","meta":{"footnotes":""},"class_list":["post-1118","page","type-page","status-publish","hentry"],"_links":{"self":[{"href":"https:\/\/www.dustyteal.com\/tr\/wp-json\/wp\/v2\/pages\/1118","targetHints":{"allow":["GET"]}}],"collection":[{"href":"https:\/\/www.dustyteal.com\/tr\/wp-json\/wp\/v2\/pages"}],"about":[{"href":"https:\/\/www.dustyteal.com\/tr\/wp-json\/wp\/v2\/types\/page"}],"author":[{"embeddable":true,"href":"https:\/\/www.dustyteal.com\/tr\/wp-json\/wp\/v2\/users\/1"}],"replies":[{"embeddable":true,"href":"https:\/\/www.dustyteal.com\/tr\/wp-json\/wp\/v2\/comments?post=1118"}],"version-history":[{"count":4,"href":"https:\/\/www.dustyteal.com\/tr\/wp-json\/wp\/v2\/pages\/1118\/revisions"}],"predecessor-version":[{"id":1127,"href":"https:\/\/www.dustyteal.com\/tr\/wp-json\/wp\/v2\/pages\/1118\/revisions\/1127"}],"wp:attachment":[{"href":"https:\/\/www.dustyteal.com\/tr\/wp-json\/wp\/v2\/media?parent=1118"}],"curies":[{"name":"wp","href":"https:\/\/api.w.org\/{rel}","templated":true}]}}