{"id":274,"date":"2024-07-11T13:59:54","date_gmt":"2024-07-11T13:59:54","guid":{"rendered":"https:\/\/www.dustyteal.com\/?page_id=274"},"modified":"2024-07-25T19:25:50","modified_gmt":"2024-07-25T19:25:50","slug":"gizlilik-politikasi","status":"publish","type":"page","link":"https:\/\/www.dustyteal.com\/tr\/gizlilik-politikasi\/","title":{"rendered":"Gizlilik Politikas\u0131"},"content":{"rendered":"\n<h1 class=\"wp-block-heading\">Gizlilik Politikas\u0131<\/h1>\n\n<p>dustyteal.com ki\u015fisel gizlili\u011finizi korumaya \u00f6zen g\u00f6sterir. Bu gizlilik politikas\u0131, bu web sitesinde dustyteal.com taraf\u0131ndan toplanan bilgi t\u00fcrlerini ve bunlar\u0131n nas\u0131l korunup sakland\u0131\u011f\u0131n\u0131 \u00f6zetlemektedir.<\/p>\n\n<p>dustyteal.com, ziyaret\u00e7i taraf\u0131ndan g\u00f6n\u00fcll\u00fc olarak verilmedi\u011fi s\u00fcrece herhangi bir dustyteal.com web sitesi kullan\u0131c\u0131s\u0131 hakk\u0131nda ki\u015fisel bilgi toplamaz.<\/p>\n\n<p>Kural olarak bu gizlilik politikas\u0131 kapsam\u0131nda ziyaret\u00e7ilerimiz taraf\u0131ndan sitemize iletilen ki\u015fisel veriler (ad\u0131n\u0131z, e-posta adresiniz, i\u015f ve \u00f6zel adresiniz, telefon numaralar\u0131n\u0131z) \u00fc\u00e7\u00fcnc\u00fc \u015fah\u0131slarla payla\u015f\u0131lmaz, sat\u0131lmaz, kiralanmaz veya ba\u015fka herhangi bir \u015fekilde kullan\u0131ma sunulmaz.<\/p>\n\n<p>dustyteal.com web sitesini ziyaret etti\u011finizde ki\u015fisel bilgilerinizin toplanmas\u0131n\u0131 istemiyorsan\u0131z ne yapman\u0131z gerekti\u011fi ve bilgilerin nas\u0131l de\u011fi\u015ftirilebilece\u011fi a\u00e7\u0131klanm\u0131\u015ft\u0131r. Bu politika yaln\u0131zca bu web sitesi i\u00e7in ge\u00e7erlidir, ancak \u00fc\u00e7\u00fcnc\u00fc taraflara ait web sitelerindeki reklamlar\u0131m\u0131z veya promosyonlar\u0131m\u0131z i\u00e7in uygulanamaz.<\/p>\n\n<h2 class=\"wp-block-heading\">Ki\u015fisel Bilgilerin Toplanmas\u0131<\/h2>\n\n<p>dustyteal.com web sitesini kullanmak ve g\u00f6n\u00fcll\u00fc olarak ki\u015fisel bilgi vermek, bu sitede ilan edilen mevcut gizlilik politikas\u0131n\u0131 ve \u015fartlar\u0131n\u0131 kabul etmek anlam\u0131na gelir. Ki\u015fisel bilgiler, ziyaret\u00e7ilerimiz taraf\u0131ndan iste\u011fe ba\u011fl\u0131 olarak daire sat\u0131\u015f rezervasyonu yapma, anket formu doldurma veya e-b\u00fclten g\u00f6nderme talebinde bulunuldu\u011funda toplanabilir. Bu bilgileri g\u00f6n\u00fcll\u00fc olarak vermedi\u011finiz s\u00fcrece, sitemizi ziyaretlerinizden hi\u00e7bir ki\u015fisel bilgi toplanmaz.<\/p>\n\n<h2 class=\"wp-block-heading\">Bilgi Toplama Amac\u0131 ve Nas\u0131l Kullan\u0131ld\u0131\u011f\u0131<\/h2>\n\n<p>dustyteal.com bilgilerinizi izninizle a\u015fa\u011f\u0131daki ama\u00e7lar i\u00e7in kullan\u0131r;<\/p>\n\n<p>Size bas\u0131l\u0131 haber b\u00fcltenleri, dergiler ve kampanyalarla ilgili makaleler g\u00f6ndermek<\/p>\n\n<p>Sizi e-posta, SMS ve faks yoluyla bilgilendirmek, kampanyalardan haberdar etmek,<\/p>\n\n<p>Ziyaret\u00e7i profillerimizi belirlemek i\u00e7in,<\/p>\n\n<p>\u0130stek, talep ve \u015fikayetlerin de\u011ferlendirilmesi<\/p>\n\n<p>Ki\u015fisel bilgiler ve bu veriler yaln\u0131zca belirtilen ama\u00e7lar i\u00e7in ve yasal soru\u015fturmalar s\u0131ras\u0131nda mahkeme karar\u0131 veya yasal prosed\u00fcrlerin gerektirmesi halinde kullan\u0131l\u0131r.<\/p>\n\n<h2 class=\"wp-block-heading\">Ki\u015fisel Olmayan Di\u011fer Kullan\u0131c\u0131 Bilgilerinin Toplanmas\u0131<\/h2>\n\n<p>dustyteal.com, ziyaret\u00e7ilerin web sitesinde gezinmesi s\u0131ras\u0131nda kullan\u0131c\u0131 yo\u011funlu\u011fu, ziyaret edilen b\u00f6l\u00fcmler, t\u0131klanan alanlar gibi \u00f6zellikleri otomatik ve anonim olarak toplar. Bu veriler sadece b\u00f6l\u00fcmlerin ve farkl\u0131 alanlar\u0131n izlenme ve takip edilme oranlar\u0131n\u0131 belirlemek i\u00e7in kullan\u0131lmakta olup herhangi bir ziyaret\u00e7inin ki\u015fisel bilgileri ile ili\u015fkilendirilmemektedir. Sayfalar\u0131n nereden veya nas\u0131l ziyaret edildi\u011fini belirleyen &#8220;cookie&#8221; ad\u0131 verilen teknolojinin kullan\u0131ld\u0131\u011f\u0131 durumlarda, sitenin farkl\u0131 alanlar\u0131n\u0131n g\u00f6r\u00fcnt\u00fclenme ve t\u0131klanma oranlar\u0131n\u0131 tespit etmeye y\u00f6nelik istatistiksel veriler toplanmakta olup, ki\u015fiye \u00f6zel bir uygulama de\u011fildir. Bu teknolojinin amac\u0131, kullan\u0131c\u0131lar\u0131n daha s\u0131k ziyaret ettikleri b\u00f6l\u00fcmlerin i\u00e7eri\u011fini, siteye ilk ziyaretten itibaren kullan\u0131c\u0131 i\u00e7in daha kolay eri\u015filebilir hale getirmektir.<\/p>\n\n<h2 class=\"wp-block-heading\">Bilgi G\u00fcvenli\u011fi<\/h2>\n\n<p>Ki\u015fisel bilgilerinizin g\u00fcvenli\u011finin sa\u011flanmas\u0131 i\u00e7in gerekli \u00f6nlemler al\u0131nmakta ve bu konuda ciddi yat\u0131r\u0131mlar yap\u0131lmaktad\u0131r. Bilgiler, yetkisiz eri\u015fim, de\u011fi\u015fiklik ve k\u00f6t\u00fcye kullan\u0131m\u0131 \u00f6nlemek i\u00e7in k\u0131s\u0131tl\u0131 eri\u015fime tabidir. dustyteal.com, hizmet ald\u0131\u011f\u0131 firmalarla yapt\u0131\u011f\u0131 s\u00f6zle\u015fmelerde, bilgilerin kendi izni olmadan herhangi bir ama\u00e7la \u00fc\u00e7\u00fcnc\u00fc \u015fah\u0131slara verilmesini \u00f6nlemek amac\u0131yla &#8220;gizlilik&#8221; maddesine yer vermektedir. Online Sat\u0131\u015f Sistemine kay\u0131t olduktan sonra g\u00fcvenli\u011finiz i\u00e7in \u015fifrenizi kimseyle payla\u015fmay\u0131n\u0131z.<\/p>\n\n<h2 class=\"wp-block-heading\">Site Kullan\u0131m Ko\u015fullar\u0131<\/h2>\n\n<p>dustyteal.com web sitesini zaman zaman d\u00fczenledi\u011fi kampanyalar\u0131 duyurmak ve ziyaret\u00e7ilerin ilgisini \u00e7ekebilece\u011fini d\u00fc\u015f\u00fcnd\u00fc\u011f\u00fc konular, i\u00e7erikler ve farkl\u0131 hizmet ve \u00e7al\u0131\u015fmalar hakk\u0131nda ziyaret\u00e7ileri bilgilendirmek amac\u0131yla kullanmaktad\u0131r. buldansonline.com, web sitesinin i\u00e7eri\u011fini, burada yay\u0131nlanan h\u00fck\u00fcm ve ko\u015fullar\u0131, \u00f6nceden haber vermek zorunda olmaks\u0131z\u0131n tek tarafl\u0131 olarak de\u011fi\u015ftirme ve g\u00fcncelleme hakk\u0131na sahiptir.<\/p>\n\n<h2 class=\"wp-block-heading\">Politikam\u0131zdaki De\u011fi\u015fiklikler<\/h2>\n\n<p>dustyteal.com bu Gizlilik Politikas\u0131n\u0131 de\u011fi\u015ftirme veya iptal etme hakk\u0131n\u0131 sakl\u0131 tutar.<\/p>\n\n<h2 class=\"wp-block-heading\">Bize ula\u015f\u0131n<\/h2>\n\n<p>Bu Gizlilik Politikas\u0131 ile ilgili herhangi bir g\u00f6r\u00fc\u015f bildirmek, bir soru sormak veya Gizlilik Politikas\u0131n\u0131n ihlal edildi\u011fini bildirmek isterseniz, Bize Ula\u015f\u0131n ba\u011flant\u0131s\u0131n\u0131 kullanabilirsiniz. dustyteal.com bu talepleri kar\u015f\u0131lamak i\u00e7in gerekli ad\u0131mlar\u0131 atacakt\u0131r. buldansonline.com web sitesine gelen her ziyaret\u00e7i t\u00fcm bu \u015fartlar\u0131 okumu\u015f ve kabul etmi\u015f say\u0131l\u0131r.<\/p>\n","protected":false},"excerpt":{"rendered":"<p>Gizlilik Politikas\u0131 dustyteal.com ki\u015fisel gizlili\u011finizi korumaya \u00f6zen g\u00f6sterir. Bu gizlilik politikas\u0131, bu web sitesinde dustyteal.com taraf\u0131ndan toplanan bilgi t\u00fcrlerini ve bunlar\u0131n nas\u0131l korunup sakland\u0131\u011f\u0131n\u0131 \u00f6zetlemektedir. dustyteal.com, ziyaret\u00e7i taraf\u0131ndan g\u00f6n\u00fcll\u00fc olarak verilmedi\u011fi s\u00fcrece herhangi bir dustyteal.com web sitesi kullan\u0131c\u0131s\u0131 hakk\u0131nda ki\u015fisel bilgi toplamaz. Kural olarak bu gizlilik politikas\u0131 kapsam\u0131nda ziyaret\u00e7ilerimiz taraf\u0131ndan sitemize iletilen ki\u015fisel veriler (ad\u0131n\u0131z, [&#8230;]\n","protected":false},"author":1,"featured_media":0,"parent":0,"menu_order":0,"comment_status":"closed","ping_status":"closed","template":"","meta":{"footnotes":""},"class_list":["post-274","page","type-page","status-publish","hentry"],"_links":{"self":[{"href":"https:\/\/www.dustyteal.com\/tr\/wp-json\/wp\/v2\/pages\/274","targetHints":{"allow":["GET"]}}],"collection":[{"href":"https:\/\/www.dustyteal.com\/tr\/wp-json\/wp\/v2\/pages"}],"about":[{"href":"https:\/\/www.dustyteal.com\/tr\/wp-json\/wp\/v2\/types\/page"}],"author":[{"embeddable":true,"href":"https:\/\/www.dustyteal.com\/tr\/wp-json\/wp\/v2\/users\/1"}],"replies":[{"embeddable":true,"href":"https:\/\/www.dustyteal.com\/tr\/wp-json\/wp\/v2\/comments?post=274"}],"version-history":[{"count":3,"href":"https:\/\/www.dustyteal.com\/tr\/wp-json\/wp\/v2\/pages\/274\/revisions"}],"predecessor-version":[{"id":464,"href":"https:\/\/www.dustyteal.com\/tr\/wp-json\/wp\/v2\/pages\/274\/revisions\/464"}],"wp:attachment":[{"href":"https:\/\/www.dustyteal.com\/tr\/wp-json\/wp\/v2\/media?parent=274"}],"curies":[{"name":"wp","href":"https:\/\/api.w.org\/{rel}","templated":true}]}}