{"id":286,"date":"2013-08-11T19:06:15","date_gmt":"2013-08-11T16:06:15","guid":{"rendered":"https:\/\/www.dustyteal.com\/hakkimizda\/"},"modified":"2025-11-05T11:14:39","modified_gmt":"2025-11-05T08:14:39","slug":"hakkimizda","status":"publish","type":"page","link":"https:\/\/www.dustyteal.com\/tr\/hakkimizda\/","title":{"rendered":"Hakk\u0131m\u0131zda"},"content":{"rendered":"\n\n  <div class=\"banner has-hover has-parallax\" id=\"banner-216597332\">\n          <div class=\"banner-inner fill\">\n        <div class=\"banner-bg fill\" data-parallax=\"-3\" data-parallax-container=\".banner\" data-parallax-background>\n            <img loading=\"lazy\" decoding=\"async\" width=\"2560\" height=\"1696\" src=\"https:\/\/www.dustyteal.com\/wp-content\/uploads\/2024\/07\/DSC_0463-scaled.jpg\" class=\"bg attachment-original size-original\" alt=\"\" \/>                        <div class=\"overlay\"><\/div>            \n\t<div class=\"is-border\"\n\t\tstyle=\"border-width:0px 0px 0px 0px;\">\n\t<\/div>\n                    <\/div>\n\t\t\n        <div class=\"banner-layers container\">\n            <div class=\"fill banner-link\"><\/div>            \n\n   <div id=\"text-box-957019354\" class=\"text-box banner-layer x50 md-x50 lg-x50 y100 md-y100 lg-y50 res-text\">\n                                <div class=\"text-box-content text dark\">\n              \n              <div class=\"text-inner text-center\">\n                  \n\n\t<div id=\"text-2488234621\" class=\"text\">\n\t\t\n\n<h3>Dusty Teal&#8217;\u0131n Hikayesi<\/h3>\n<p class=\"ds-markdown-paragraph\">Dusty Teal, bir gemi in\u015fa m\u00fchendisi ve gen\u00e7 bir kad\u0131n giri\u015fimcinin, denizlerin sade esteti\u011finden ilhamla kurdu\u011fu bir tutku projesidir.<\/p>\n<p class=\"ds-markdown-paragraph\">\u00c7\u0131k\u0131\u015f noktam\u0131z, teknelerdeki gibi &#8220;sessiz bir l\u00fcks&#8221; anlay\u0131\u015f\u0131n\u0131 hayat\u0131n her an\u0131na ta\u015f\u0131makt\u0131:\u00a0<strong>Pratik, sade ve gezegenle uyum i\u00e7inde.<\/strong><\/p>\n<p class=\"ds-markdown-paragraph\">Bu y\u00fczden, en kaliteli\u00a0<strong>do\u011fal keten<\/strong> ve <strong>%100 organik<\/strong> <strong>pamuk m\u00fcslin<\/strong>\u00a0gibi malzemeleri se\u00e7iyoruz. \u00dcr\u00fcnlerimiz sadece \u015f\u0131k de\u011fil, ayn\u0131 zamanda inan\u0131lmaz hafif, an\u0131nda kuruyan ve \u0131slakl\u0131k hissi vermeyen bir konfor sunar.<\/p>\n<p class=\"ds-markdown-paragraph\">Her par\u00e7a, s\u00fcrd\u00fcr\u00fclebilir bir l\u00fcks\u00fcn m\u00fcmk\u00fcn oldu\u011funu kan\u0131tl\u0131yor.<\/p>\n<p class=\"ds-markdown-paragraph\"><strong>Do\u011fan\u0131n sade g\u00fczelli\u011fi, sizin ki\u015fisel dokunu\u015funuzla bulu\u015fsun.<\/strong><br \/>Ah\u015fap bask\u0131 tekni\u011fimizle bornoz ve havlular\u0131n\u0131za\u00a0<strong>isminizi, \u00f6zel bir tarihi veya anlaml\u0131 bir kelimeyi<\/strong>\u00a0i\u015fliyoruz. Dusty Teal&#8217;\u0131 sadece sizin olan bir hazineye d\u00f6n\u00fc\u015ft\u00fcr\u00fcyoruz.<\/p>\n<p class=\"ds-markdown-paragraph\">Bu, sadece bir ba\u015flang\u0131\u00e7. Yolculu\u011fumuzda bize kat\u0131l\u0131n.<\/p>\n\t\t\n<style>\n#text-2488234621 {\n  line-height: 1.45;\n  text-align: left;\n}\n<\/style>\n\t<\/div>\n\t\n\n              <\/div>\n           <\/div>\n                            \n<style>\n#text-box-957019354 {\n  width: 86%;\n}\n#text-box-957019354 .text-box-content {\n  font-size: 100%;\n}\n@media (min-width:550px) {\n  #text-box-957019354 {\n    width: 96%;\n  }\n}\n@media (min-width:850px) {\n  #text-box-957019354 {\n    width: 95%;\n  }\n}\n<\/style>\n    <\/div>\n \n\n        <\/div>\n      <\/div>\n\n            \n<style>\n#banner-216597332 {\n  padding-top: 143.78%;\n}\n#banner-216597332 .overlay {\n  background-color: rgba(0, 0, 0, 0.49);\n}\n#banner-216597332 .banner-bg img {\n  object-position: % 100%;\n}\n@media (min-width:550px) {\n  #banner-216597332 {\n    padding-top: 56.25%;\n  }\n}\n<\/style>\n  <\/div>\n\n\n\n","protected":false},"excerpt":{"rendered":"","protected":false},"author":1,"featured_media":277,"parent":0,"menu_order":0,"comment_status":"closed","ping_status":"closed","template":"page-transparent-header-light.php","meta":{"footnotes":""},"class_list":["post-286","page","type-page","status-publish","has-post-thumbnail","hentry"],"_links":{"self":[{"href":"https:\/\/www.dustyteal.com\/tr\/wp-json\/wp\/v2\/pages\/286","targetHints":{"allow":["GET"]}}],"collection":[{"href":"https:\/\/www.dustyteal.com\/tr\/wp-json\/wp\/v2\/pages"}],"about":[{"href":"https:\/\/www.dustyteal.com\/tr\/wp-json\/wp\/v2\/types\/page"}],"author":[{"embeddable":true,"href":"https:\/\/www.dustyteal.com\/tr\/wp-json\/wp\/v2\/users\/1"}],"replies":[{"embeddable":true,"href":"https:\/\/www.dustyteal.com\/tr\/wp-json\/wp\/v2\/comments?post=286"}],"version-history":[{"count":11,"href":"https:\/\/www.dustyteal.com\/tr\/wp-json\/wp\/v2\/pages\/286\/revisions"}],"predecessor-version":[{"id":1858,"href":"https:\/\/www.dustyteal.com\/tr\/wp-json\/wp\/v2\/pages\/286\/revisions\/1858"}],"wp:featuredmedia":[{"embeddable":true,"href":"https:\/\/www.dustyteal.com\/tr\/wp-json\/wp\/v2\/media\/277"}],"wp:attachment":[{"href":"https:\/\/www.dustyteal.com\/tr\/wp-json\/wp\/v2\/media?parent=286"}],"curies":[{"name":"wp","href":"https:\/\/api.w.org\/{rel}","templated":true}]}}