{"id":574,"date":"2024-07-11T11:13:27","date_gmt":"2024-07-11T11:13:27","guid":{"rendered":"https:\/\/www.dustyteal.com\/para-iadesi-ve-iade-politikasi\/"},"modified":"2024-10-09T13:49:18","modified_gmt":"2024-10-09T13:49:18","slug":"teslimat-iade-kosullari","status":"publish","type":"page","link":"https:\/\/www.dustyteal.com\/tr\/teslimat-iade-kosullari\/","title":{"rendered":"Teslimat &#038; \u0130ade Ko\u015fullar\u0131"},"content":{"rendered":"\n<p><strong>MESAFEL\u0130 SATI\u015eLARDA CAYMA \u2013 \u0130ADE VE TESL\u0130MAT B\u0130LG\u0130LEND\u0130RME METN\u0130<\/strong><\/p>\n\n<p><strong><br\/>Cayma hakk\u0131 nedir ve nas\u0131l kullan\u0131l\u0131r?<\/strong><\/p>\n\n<p>6502 say\u0131l\u0131 T\u00fcketicinin Korunmas\u0131 Hakk\u0131ndaki Kanun\u2019un 48\u2019inci maddesi uyar\u0131nca;<\/p>\n\n<ul class=\"wp-block-list\">\n<li>Sat\u0131c\u0131 veya sa\u011flay\u0131c\u0131, t\u00fcketicinin sipari\u015finin kendisine ula\u015ft\u0131\u011f\u0131 andan itibaren taahh\u00fct edilen s\u00fcre i\u00e7inde edimini yerine getirir. Mal sat\u0131\u015flar\u0131nda bu s\u00fcre her h\u00e2l\u00fck\u00e2rda otuz g\u00fcn\u00fc ge\u00e7emez. Sat\u0131c\u0131 veya sa\u011flay\u0131c\u0131n\u0131n bu s\u00fcre i\u00e7inde edimini yerine getirmemesi durumunda t\u00fcketici s\u00f6zle\u015fmeyi feshedebilir.  <\/li>\n\n\n\n<li>T\u00fcketici, on d\u00f6rt g\u00fcn i\u00e7inde herhangi bir gerek\u00e7e g\u00f6stermeksizin ve cezai \u015fart \u00f6demeksizin s\u00f6zle\u015fmeden cayma hakk\u0131na sahiptir. Cayma hakk\u0131n\u0131n kullan\u0131ld\u0131\u011f\u0131na dair bildirimin bu s\u00fcre i\u00e7inde sat\u0131c\u0131 veya sa\u011flay\u0131c\u0131ya y\u00f6neltilmi\u015f olmas\u0131 yeterlidir. Sat\u0131c\u0131 veya sa\u011flay\u0131c\u0131, cayma hakk\u0131 konusunda t\u00fcketicinin bilgilendirildi\u011fini ispat etmekle y\u00fck\u00fcml\u00fcd\u00fcr. T\u00fcketici, cayma hakk\u0131 konusunda gerekti\u011fi \u015fekilde bilgilendirilmezse, cayma hakk\u0131n\u0131 kullanmak i\u00e7in on d\u00f6rt g\u00fcnl\u00fck s\u00fcreyle ba\u011fl\u0131 de\u011fildir. Her h\u00e2l\u00fck\u00e2rda bu s\u00fcre cayma s\u00fcresinin bitti\u011fi tarihten itibaren bir y\u0131l sonra sona erer. T\u00fcketici, cayma hakk\u0131 s\u00fcresi i\u00e7inde mal\u0131n mutat kullan\u0131m\u0131 sebebiyle meydana gelen de\u011fi\u015fiklik ve bozulmalardan sorumlu de\u011fildir.     <\/li>\n\n\n\n<li>Olu\u015fturduklar\u0131 sistem \u00e7er\u00e7evesinde, uzaktan ileti\u015fim ara\u00e7lar\u0131n\u0131 kullanmak veya kulland\u0131rmak suretiyle sat\u0131c\u0131 veya sa\u011flay\u0131c\u0131 ad\u0131na mesafeli s\u00f6zle\u015fme kurulmas\u0131na arac\u0131l\u0131k edenler, bu maddede yer alan hususlardan dolay\u0131 sat\u0131c\u0131 veya sa\u011flay\u0131c\u0131 ile yap\u0131lan i\u015flemlere ili\u015fkin kay\u0131tlar\u0131 tutmak ve istenilmesi h\u00e2linde bu bilgileri ilgili kurum, kurulu\u015f ve t\u00fcketicilere vermekle y\u00fck\u00fcml\u00fcd\u00fcr. Ancak bu f\u0131kra kapsam\u0131nda arac\u0131l\u0131k edenler, sat\u0131c\u0131 veya sa\u011flay\u0131c\u0131 ile yapt\u0131klar\u0131 s\u00f6zle\u015fmeye ayk\u0131r\u0131 fiillerinden dolay\u0131 sorumludur. <\/li>\n<\/ul>\n\n<p>Mesafeli S\u00f6zle\u015fmeler Y\u00f6netmeli\u011fi\u2019nin 9\u2019uncu maddesinin \u00fc\u00e7\u00fcnc\u00fc f\u0131kras\u0131 uyar\u0131nca cayma hakk\u0131 s\u00fcresinin belirlenmesinde;<\/p>\n\n<ul class=\"wp-block-list\">\n<li>Tek sipari\u015f konusu olup ayr\u0131 ayr\u0131 teslim edilen mallarda, t\u00fcketicinin veya t\u00fcketici taraf\u0131ndan belirlenen \u00fc\u00e7\u00fcnc\u00fc ki\u015finin son mal\u0131 teslim ald\u0131\u011f\u0131 g\u00fcn,<\/li>\n\n\n\n<li>Birden fazla par\u00e7adan olu\u015fan mallarda, t\u00fcketicinin veya t\u00fcketici taraf\u0131ndan belirlenen \u00fc\u00e7\u00fcnc\u00fc ki\u015finin son par\u00e7ay\u0131 teslim ald\u0131\u011f\u0131 g\u00fcn,<\/li>\n\n\n\n<li>Belirli bir s\u00fcre boyunca mal\u0131n d\u00fczenli tesliminin yap\u0131ld\u0131\u011f\u0131 s\u00f6zle\u015fmelerde, t\u00fcketicinin veya t\u00fcketici taraf\u0131ndan belirlenen \u00fc\u00e7\u00fcnc\u00fc ki\u015finin ilk mal\u0131 teslim ald\u0131\u011f\u0131 g\u00fcn esas al\u0131n\u0131r.<\/li>\n<\/ul>\n\n<p>Ayn\u0131 Y\u00f6netmeli\u011fin 13\u2019\u00fcnc\u00fc maddesi uyar\u0131nca ise; t\u00fcketici cayma hakk\u0131n\u0131 kulland\u0131\u011f\u0131na ili\u015fkin bildirimi sat\u0131c\u0131ya y\u00f6neltti\u011fi tarihten itibaren on g\u00fcn i\u00e7inde mal\u0131 sat\u0131c\u0131 veya sa\u011flay\u0131c\u0131ya ya da yetkilendirmi\u015f oldu\u011fu ki\u015fiye geri g\u00f6ndermek zorundad\u0131r. T\u00fcketici, cayma s\u00fcresi i\u00e7inde mal\u0131, i\u015fleyi\u015fine, teknik \u00f6zelliklerine ve kullan\u0131m talimatlar\u0131na uygun bir \u015fekilde kulland\u0131\u011f\u0131 takdirde meydana gelen de\u011fi\u015fiklik ve bozulmalardan sorumlu de\u011fildir. <\/p>\n\n<p><strong>Cayma hakk\u0131n\u0131n kullan\u0131lamayaca\u011f\u0131 durumlar\/\u00fcr\u00fcnler nelerdir?<\/strong><\/p>\n\n<p>Mesafeli S\u00f6zle\u015fmeler Y\u00f6netmeli\u011fi\u2019nin 15\u2019inci maddesi uyar\u0131nca a\u015fa\u011f\u0131da belirtilen s\u00f6zle\u015fmelerde cayma hakk\u0131 kullan\u0131lamaz;<\/p>\n\n<ul class=\"wp-block-list\">\n<li>Fiyat\u0131 finansal piyasalardaki dalgalanmalara ba\u011fl\u0131 olarak de\u011fi\u015fen ve sat\u0131c\u0131 veya sa\u011flay\u0131c\u0131n\u0131n kontrol\u00fcnde olmayan mal veya hizmetlere ili\u015fkin s\u00f6zle\u015fmeler,<\/li>\n\n\n\n<li>T\u00fcketicinin istekleri veya ki\u015fisel ihtiya\u00e7lar\u0131 do\u011frultusunda haz\u0131rlanan mallara ili\u015fkin s\u00f6zle\u015fmeler, (\u00d6rne\u011fin; ki\u015finin beden \u00f6l\u00e7\u00fclerine g\u00f6re g\u00f6re haz\u0131rlanan elbiseler vb.)<\/li>\n\n\n\n<li>\u00c7abuk bozulabilen veya son kullanma tarihi ge\u00e7ebilecek mallar\u0131n teslimine ili\u015fkin s\u00f6zle\u015fmeler,<\/li>\n\n\n\n<li>Tesliminden sonra ambalaj, bant, m\u00fch\u00fcr, paket gibi koruyucu unsurlar\u0131 a\u00e7\u0131lm\u0131\u015f olan mallardan; iadesi sa\u011fl\u0131k ve hijyen a\u00e7\u0131s\u0131ndan uygun olmayanlar\u0131n teslimine ili\u015fkin s\u00f6zle\u015fmeler (\u00d6rne\u011fin sa\u00e7 aksesuarlar\u0131, gelin tac\u0131, \u00e7i\u00e7ek buketi, duvak,kese vb. aksesuarlar)<\/li>\n\n\n\n<li>Tesliminden sonra ba\u015fka \u00fcr\u00fcnlerle kar\u0131\u015fan ve do\u011fas\u0131 gere\u011fi ayr\u0131\u015ft\u0131r\u0131lmas\u0131 m\u00fcmk\u00fcn olmayan mallara ili\u015fkin s\u00f6zle\u015fmeler,<\/li>\n\n\n\n<li>Mal\u0131n tesliminden sonra ambalaj, bant, m\u00fch\u00fcr, paket gibi koruyucu unsurlar\u0131 a\u00e7\u0131lm\u0131\u015f olmas\u0131 halinde maddi ortamda sunulan kitap, dijital i\u00e7erik ve bilgisayar sarf malzemelerine ili\u015fkin s\u00f6zle\u015fmeler,<\/li>\n\n\n\n<li>Abonelik s\u00f6zle\u015fmesi kapsam\u0131nda sa\u011flananlar d\u0131\u015f\u0131nda, gazete ve dergi gibi s\u00fcreli yay\u0131nlar\u0131n teslimine ili\u015fkin s\u00f6zle\u015fmeler,<\/li>\n\n\n\n<li>Belirli bir tarihte veya d\u00f6nemde yap\u0131lmas\u0131 gereken, konaklama, e\u015fya ta\u015f\u0131ma, araba kiralama, yiyecek-i\u00e7ecek tedariki ve e\u011flence veya dinlenme amac\u0131yla yap\u0131lan bo\u015f zaman\u0131n de\u011ferlendirilmesine ili\u015fkin s\u00f6zle\u015fmeler,<\/li>\n\n\n\n<li>Elektronik ortamda an\u0131nda ifa edilen hizmetler veya t\u00fcketiciye an\u0131nda teslim edilen gayrimaddi mallara ili\u015fkin s\u00f6zle\u015fmeler,<\/li>\n\n\n\n<li>Cayma hakk\u0131 s\u00fcresi sona ermeden \u00f6nce, t\u00fcketicinin onay\u0131 ile ifas\u0131na ba\u015flanan hizmetlere ili\u015fkin s\u00f6zle\u015fmeler.<\/li>\n<\/ul>\n\n<p><strong>T\u00fcketici cayma hakk\u0131n\u0131 kulland\u0131\u011f\u0131 \u00fcr\u00fcn\/\u00fcr\u00fcnler \u00fczerinde kullan\u0131m sebebiyle meydana gelen de\u011fer azalmas\u0131ndan sorumlu tutulabilir mi?<\/strong><\/p>\n\n<p>Al\u0131c\u0131, s\u00f6zle\u015fme konusu mal\/hizmeti teslim almadan \u00f6nce muayene edecek; ezik, k\u0131r\u0131k, ambalaj\u0131 y\u0131rt\u0131lm\u0131\u015f vb. hasarl\u0131 ve ay\u0131pl\u0131 mal\/hizmeti kargo \u015firketinden teslim almayacakt\u0131r. Teslim al\u0131nan mal\/hizmetin hasars\u0131z ve sa\u011flam oldu\u011fu kabul edilecektir. Al\u0131c\u0131 , Teslimden sonra mal\/hizmeti \u00f6zenle korunmak zorundad\u0131r. Cayma hakk\u0131 kullan\u0131lacaksa mal\/hizmet kullan\u0131lmamal\u0131d\u0131r. \u00dcr\u00fcnle birlikte Fatura da iade edilmelidir.    <\/p>\n\n<p>Al\u0131c\u0131\u2019 n\u0131n kusurundan kaynaklanan bir nedenle mal\u0131n de\u011ferinde bir azalma olursa veya iade imk\u00e2ns\u0131zla\u015f\u0131rsa Al\u0131c\u0131 kusuru oran\u0131nda Sat\u0131c\u0131\u2019 n\u0131n zararlar\u0131n\u0131 tazmin etmekle y\u00fck\u00fcml\u00fcd\u00fcr. (\u00d6rne\u011fin gelinlik ve abiyelerin ta\u015flar\u0131n\u0131n d\u00fc\u015fmesi, dantel i\u015flemelerinin s\u00f6k\u00fclmesi vb. durumlarda hasar kayb\u0131 al\u0131c\u0131dan talep edilebilecektir.) Ancak cayma hakk\u0131 s\u00fcresi i\u00e7inde mal\u0131n veya \u00fcr\u00fcn\u00fcn usul\u00fcne uygun kullan\u0131lmas\u0131 sebebiyle meydana gelen de\u011fi\u015fiklik ve bozulmalardan Al\u0131c\u0131 sorumlu de\u011fildir.  <\/p>\n\n<p>Cayma hakk\u0131n\u0131n kullan\u0131lmas\u0131 nedeniyle Sat\u0131c\u0131 taraf\u0131ndan d\u00fczenlenen kampanya limit tutar\u0131n\u0131n alt\u0131na d\u00fc\u015f\u00fclmesi halinde kampanya kapsam\u0131nda faydalan\u0131lan indirim miktar\u0131 iptal edilir.<\/p>\n\n<p><strong>Cayma hakk\u0131n\u0131n kullan\u0131lmas\u0131 s\u00fcrecinde iade kargo \u00fccreti kime aittir?<\/strong><\/p>\n\n<p>Cayma hakk\u0131n\u0131n kullan\u0131m\u0131nda, al\u0131c\u0131, sat\u0131c\u0131n\u0131n belirledi\u011fi kargo \u015firketinden ba\u015fka bir ta\u015f\u0131y\u0131c\u0131 se\u00e7mediyse ve sat\u0131c\u0131n\u0131n iade i\u00e7in belirtti\u011fi ta\u015f\u0131y\u0131c\u0131 arac\u0131l\u0131\u011f\u0131yla mal\u0131n geri g\u00f6nderilmesi halinde, t\u00fcketici iadeye ili\u015fkin masraflardan sorumlu tutulamaz. Sat\u0131c\u0131n\u0131n \u00f6n bilgilendirmede iade i\u00e7in herhangi bir ta\u015f\u0131y\u0131c\u0131y\u0131 belirtmedi\u011fi durumda ise, t\u00fcketiciden iade masraf\u0131na ili\u015fkin herhangi bir bedel talep edilemez. \u0130ade i\u00e7in \u00f6n bilgilendirmede belirtilen ta\u015f\u0131y\u0131c\u0131n\u0131n, t\u00fcketicinin bulundu\u011fu yerde \u015fubesinin olmamas\u0131 durumunda sat\u0131c\u0131, ilave hi\u00e7bir masraf talep etmeksizin iade edilmek istenen mal\u0131n t\u00fcketiciden al\u0131nmas\u0131n\u0131 sa\u011flamakla y\u00fck\u00fcml\u00fcd\u00fcr.  <\/p>\n\n<p>Vergi Usul Kanunu genel tebli\u011fi uyar\u0131nca ise iade i\u015flemlerinin yap\u0131labilmesi i\u00e7in Al\u0131c\u0131\u2019ya g\u00f6nderilen faturada iade ile ilgili b\u00f6l\u00fcmlerin eksiksiz olarak doldurulmas\u0131 ve imzaland\u0131ktan sonra \u00fcr\u00fcn\/\u00fcr\u00fcnlerle birlikte geri g\u00f6nderilmesi gerekmektedir.<\/p>\n\n<p><strong>Cayma hakk\u0131n\u0131n kullan\u0131lmas\u0131 \u00fczerine \u00fccret iadesi nas\u0131l yap\u0131lmaktad\u0131r?<\/strong><\/p>\n\n<p>Sat\u0131c\u0131 veya sa\u011flay\u0131c\u0131, t\u00fcketicinin cayma hakk\u0131n\u0131 kulland\u0131\u011f\u0131na ili\u015fkin bildirimin kendisine ula\u015ft\u0131\u011f\u0131 tarihten itibaren on d\u00f6rt g\u00fcn i\u00e7inde, varsa mal\u0131n t\u00fcketiciye teslim masraflar\u0131 da dahil olmak \u00fczere al\u0131c\u0131dan tahsil edilen t\u00fcm \u00f6demeleri iade etmekle y\u00fck\u00fcml\u00fcd\u00fcr.<\/p>\n\n<p>Platform \u00fczerinden sipari\u015f edilen \u00fcr\u00fcn\u00fcn teslimat s\u00fcresi ne kadard\u0131r?<br\/>Sat\u0131c\u0131 veya sa\u011flay\u0131c\u0131, t\u00fcketicinin sipari\u015finin kendisine ula\u015ft\u0131\u011f\u0131 andan itibaren taahh\u00fct edilen s\u00fcre i\u00e7inde edimini yerine getirir. Mal sat\u0131\u015flar\u0131nda bu s\u00fcre her h\u00e2l\u00fck\u00e2rda otuz g\u00fcn\u00fc ge\u00e7emez. Sat\u0131c\u0131 veya sa\u011flay\u0131c\u0131n\u0131n bu s\u00fcre i\u00e7inde edimini yerine getirmemesi durumunda t\u00fcketici s\u00f6zle\u015fmeyi feshedebilir.  <\/p>\n\n<p><strong>\u00d6ng\u00f6r\u00fclemeyen sebeplerle \u00fcr\u00fcn s\u00fcresinde teslim edilemez ise al\u0131c\u0131 ve sat\u0131c\u0131n\u0131n hak ve sorumluluklar\u0131 nelerdir?<\/strong><\/p>\n\n<p>Sat\u0131c\u0131\u2019n\u0131n \u00f6ng\u00f6remeyece\u011fi m\u00fccbir sebepler olu\u015fursa ve \u00fcr\u00fcn s\u00fcresinde teslim edilemez ise, durum Al\u0131c\u0131\u2019ya bildirilir. Sat\u0131c\u0131\u2019n\u0131n \u00f6ng\u00f6remeyece\u011fi m\u00fccbir sebepler olu\u015fursa ve \u00fcr\u00fcn s\u00fcresinde teslim edilemez ise, durum Al\u0131c\u0131\u2019ya bildirilir. Al\u0131c\u0131, \u00f6demeyi kredi kart\u0131 ile yapm\u0131\u015f ise ve iptal ederse, bu iptalden itibaren yine 14 g\u00fcn i\u00e7inde \u00fcr\u00fcn bedeli bankaya iade edilir, ancak bankan\u0131n al\u0131c\u0131n\u0131n hesab\u0131na 2-3 hafta i\u00e7erisinde aktarmas\u0131 olas\u0131d\u0131r. Al\u0131c\u0131 sipari\u015fi iptal ederse; \u00f6demeyi nakit ile yapm\u0131\u015f ise iptalinden itibaren 14 g\u00fcn i\u00e7inde kendisine nakden bu \u00fccret \u00f6denir.<\/p>\n\n<p><strong>Al\u0131c\u0131 cayma hakk\u0131n\u0131 nas\u0131l kullanacakt\u0131r?<\/strong><\/p>\n\n<p>3. ki\u015fiye veya Al\u0131c\u0131\u2019 ya teslim edilen iade edilecek \u00fcr\u00fcn\u00fcn faturas\u0131, (\u0130ade edilmek istenen \u00fcr\u00fcn\u00fcn faturas\u0131 kurumsal ise, iade ederken kurumun d\u00fczenlemi\u015f oldu\u011fu iade faturas\u0131 ile birlikte) g\u00f6nderilmesi gerekmektedir. Faturas\u0131 kurumlar ad\u0131na d\u00fczenlenen sipari\u015f iadeleri \u0130ade Faturas\u0131 kesilmedi\u011fi takdirde tamamlanamayacakt\u0131r.<br\/>\u0130ade formu, \u0130ade edilecek \u00fcr\u00fcnlerin kutusu, ambalaj\u0131, varsa standart aksesuarlar\u0131 ile birlikte eksiksiz ve hasars\u0131z olarak teslim edilmesi gerekmektedir. <\/p>\n\n<p>Cayma hakk\u0131n\u0131n kullan\u0131lmas\u0131 i\u00e7in 14 (ond\u00f6rt) g\u00fcnl\u00fck s\u00fcre i\u00e7inde Sat\u0131c\u0131\u2019 ya iadeli taahh\u00fctl\u00fc posta, faks veya e-posta ile yaz\u0131l\u0131 bildirimde bulunulmas\u0131 ve \u00fcr\u00fcn\u00fcn i\u015fbu s\u00f6zle\u015fmede d\u00fczenlenen \u201cCayma Hakk\u0131 Kullan\u0131lamayacak \u00dcr\u00fcnler\u201d h\u00fck\u00fcmleri \u00e7er\u00e7evesinde kullan\u0131lmam\u0131\u015f olmas\u0131 \u015fartt\u0131r.<\/p>\n\n<p><strong>Sat\u0131c\u0131n\u0131n iade talebi olmas\u0131 halinde sorumlulu\u011fu nedir?<\/strong><\/p>\n\n<p>Sat\u0131c\u0131, cayma bildiriminin ve \u00fcr\u00fcn\u00fcn kendisine ula\u015fmas\u0131ndan itibaren en ge\u00e7 14 i\u015f g\u00fcn\u00fc i\u00e7erisinde; toplam bedeli ve Al\u0131c\u0131\u2019 y\u0131 bor\u00e7 alt\u0131na sokan belgeleri Al\u0131c\u0131\u2019 ya iade edip, 14 i\u015f g\u00fcn\u00fc i\u00e7erisinde mal\u0131 iade alabilir veya \u00fcr\u00fcn\u00fcn cayma hakk\u0131 kullan\u0131lmayacak bir nitelikte oldu\u011funu tespit edip bu durumu Al\u0131c\u0131 ya SMS ve e-mail dahil gerek\u00e7esi ile yaz\u0131l\u0131 olarak bildirip iadeyi reddedebilir. Bu durumda Sat\u0131c\u0131\u2019n\u0131n \u00f6deme y\u00fck\u00fcml\u00fcl\u00fc\u011f\u00fc ortadan kalkar. <\/p>\n\n<p><strong>SATICI:<\/strong><\/p>\n\n<p><strong>\u00dcnvan:<\/strong><\/p>\n\n<p><strong>Adres:<\/strong><\/p>\n\n<p><strong>Telefon:<\/strong><\/p>\n\n<p><strong>Faks:<\/strong><\/p>\n\n<p><strong>E-posta:<\/strong><\/p>\n\n<p><strong>M\u00fc\u015fteri Hizmetleri Telefon:<\/strong><\/p>\n","protected":false},"excerpt":{"rendered":"<p>MESAFEL\u0130 SATI\u015eLARDA CAYMA \u2013 \u0130ADE VE TESL\u0130MAT B\u0130LG\u0130LEND\u0130RME METN\u0130 Cayma hakk\u0131 nedir ve nas\u0131l kullan\u0131l\u0131r? 6502 say\u0131l\u0131 T\u00fcketicinin Korunmas\u0131 Hakk\u0131ndaki Kanun\u2019un 48\u2019inci maddesi uyar\u0131nca; Mesafeli S\u00f6zle\u015fmeler Y\u00f6netmeli\u011fi\u2019nin 9\u2019uncu maddesinin \u00fc\u00e7\u00fcnc\u00fc f\u0131kras\u0131 uyar\u0131nca cayma hakk\u0131 s\u00fcresinin belirlenmesinde; Ayn\u0131 Y\u00f6netmeli\u011fin 13\u2019\u00fcnc\u00fc maddesi uyar\u0131nca ise; t\u00fcketici cayma hakk\u0131n\u0131 kulland\u0131\u011f\u0131na ili\u015fkin bildirimi sat\u0131c\u0131ya y\u00f6neltti\u011fi tarihten itibaren on g\u00fcn i\u00e7inde [&#8230;]\n","protected":false},"author":1,"featured_media":0,"parent":0,"menu_order":0,"comment_status":"closed","ping_status":"closed","template":"","meta":{"footnotes":""},"class_list":["post-574","page","type-page","status-publish","hentry"],"_links":{"self":[{"href":"https:\/\/www.dustyteal.com\/tr\/wp-json\/wp\/v2\/pages\/574","targetHints":{"allow":["GET"]}}],"collection":[{"href":"https:\/\/www.dustyteal.com\/tr\/wp-json\/wp\/v2\/pages"}],"about":[{"href":"https:\/\/www.dustyteal.com\/tr\/wp-json\/wp\/v2\/types\/page"}],"author":[{"embeddable":true,"href":"https:\/\/www.dustyteal.com\/tr\/wp-json\/wp\/v2\/users\/1"}],"replies":[{"embeddable":true,"href":"https:\/\/www.dustyteal.com\/tr\/wp-json\/wp\/v2\/comments?post=574"}],"version-history":[{"count":4,"href":"https:\/\/www.dustyteal.com\/tr\/wp-json\/wp\/v2\/pages\/574\/revisions"}],"predecessor-version":[{"id":1114,"href":"https:\/\/www.dustyteal.com\/tr\/wp-json\/wp\/v2\/pages\/574\/revisions\/1114"}],"wp:attachment":[{"href":"https:\/\/www.dustyteal.com\/tr\/wp-json\/wp\/v2\/media?parent=574"}],"curies":[{"name":"wp","href":"https:\/\/api.w.org\/{rel}","templated":true}]}}