{"id":1499,"date":"2025-04-23T00:54:30","date_gmt":"2025-04-22T21:54:30","guid":{"rendered":"https:\/\/www.dustyteal.com\/?post_type=product&#038;p=1499"},"modified":"2026-03-25T10:15:17","modified_gmt":"2026-03-25T07:15:17","slug":"wrapme-by-dt","status":"publish","type":"product","link":"https:\/\/www.dustyteal.com\/tr\/product\/wrapme-by-dt\/","title":{"rendered":"WrapMe by DT"},"content":{"rendered":"<h2 class=\"\" data-start=\"273\" data-end=\"319\"><strong data-start=\"276\" data-end=\"317\">WrapMe by DT \u2013 M\u00fcslin S\u00f6rf Pan\u00e7osu<\/strong><\/h2>\n<h3 class=\"\" data-start=\"320\" data-end=\"350\"><em data-start=\"324\" data-end=\"350\">Kurulan, giyin, rahatla.<\/em><\/h3>\n<p class=\"\" data-start=\"352\" data-end=\"496\"><strong data-start=\"352\" data-end=\"362\">WrapMe<\/strong>, deniz sonras\u0131 h\u0131zl\u0131 kurulanma ve uzun s\u00fcreli kullan\u0131m konforu d\u00fc\u015f\u00fcn\u00fclerek tasarlanm\u0131\u015f, oversize kesime sahip kap\u00fc\u015fonlu bir pan\u00e7odur.<\/p>\n<p class=\"\" data-start=\"498\" data-end=\"872\">%100 pamuktan \u00fcretilmi\u015f, <strong data-start=\"523\" data-end=\"550\">iki katl\u0131 m\u00fcslin kuma\u015f\u0131<\/strong> sayesinde hafif, nefes alabilir ve y\u00fcksek su emici \u00f6zellik g\u00f6sterir.<br data-start=\"619\" data-end=\"622\" \/>V\u00fccudu sarar ama s\u0131kmaz; su sonras\u0131 kullan\u0131m i\u00e7in idealdir. Giydi\u011finizde sizi hemen kurutur ve \u0131slakl\u0131k hissi olmadan \u00fczerinizde kalmaya devam eder.<br data-start=\"745\" data-end=\"748\" \/>Tekne, plaj ya da kamp alan\u0131 gibi a\u00e7\u0131k hava ko\u015fullar\u0131nda <strong data-start=\"805\" data-end=\"852\">hem kurulama havlusu, hem hafif bir giysi<\/strong> olarak i\u015flev g\u00f6r\u00fcr.<\/p>\n<h3 class=\"\" data-start=\"874\" data-end=\"900\">\ud83d\udd39 Teknik \u00d6zellikler<\/h3>\n<p class=\"\" data-start=\"901\" data-end=\"1268\">\u2022 %100 do\u011fal pamuk, <strong data-start=\"921\" data-end=\"945\">2 katl\u0131 m\u00fcslin kuma\u015f<\/strong><br data-start=\"945\" data-end=\"948\" \/>\u2022 <strong data-start=\"950\" data-end=\"968\">Oversize kesim<\/strong> \u2013 hem rahat hem kapsay\u0131c\u0131<br data-start=\"994\" data-end=\"997\" \/>\u2022 <strong data-start=\"999\" data-end=\"1010\">Kap\u00fc\u015fon<\/strong> \u2013 r\u00fczg\u00e2rl\u0131 havalarda ek koruma sa\u011flar<br data-start=\"1048\" data-end=\"1051\" \/>\u2022 <strong data-start=\"1053\" data-end=\"1067\">Kollu yap\u0131<\/strong> \u2013 giyerken hareket \u00f6zg\u00fcrl\u00fc\u011f\u00fc sunar<br data-start=\"1102\" data-end=\"1105\" \/>\u2022 El diki\u015fiyle haz\u0131rlanm\u0131\u015f, s\u0131n\u0131rl\u0131 \u00fcretim<br data-start=\"1147\" data-end=\"1150\" \/>\u2022 \u00dcr\u00fcnle ayn\u0131 kuma\u015ftan dikilmi\u015f bez kese i\u00e7erisinde sunulur (kesenin \u00fczerindeki logo elle yap\u0131lm\u0131\u015f ah\u015fap bask\u0131d\u0131r)<\/p>\n<hr class=\"\" data-start=\"1270\" data-end=\"1273\" \/>\n<h3 class=\"\" data-start=\"1275\" data-end=\"1302\">\u2693 <strong data-start=\"1281\" data-end=\"1302\">Kullan\u0131m Alanlar\u0131<\/strong><\/h3>\n<ul data-start=\"1303\" data-end=\"1525\">\n<li class=\"\" data-start=\"1303\" data-end=\"1346\">\n<p class=\"\" data-start=\"1305\" data-end=\"1346\">S\u00f6rf, y\u00fczme, deniz aktiviteleri sonras\u0131<\/p>\n<\/li>\n<li class=\"\" data-start=\"1347\" data-end=\"1403\">\n<p class=\"\" data-start=\"1349\" data-end=\"1403\">Teknede, sahilde veya yazl\u0131kta g\u00fcn boyu giysi olarak<\/p>\n<\/li>\n<li class=\"\" data-start=\"1404\" data-end=\"1460\">\n<p class=\"\" data-start=\"1406\" data-end=\"1460\">Kamp ve do\u011fa y\u00fcr\u00fcy\u00fc\u015flerinde sabah\/ak\u015fam serinli\u011finde<\/p>\n<\/li>\n<li class=\"\" data-start=\"1461\" data-end=\"1525\">\n<p class=\"\" data-start=\"1463\" data-end=\"1525\">A\u00e7\u0131k hava du\u015f sonras\u0131 ya da yoga sonras\u0131 konfor alan\u0131 olarak<\/p>\n<\/li>\n<\/ul>\n<hr class=\"\" data-start=\"1527\" data-end=\"1530\" \/>\n<h3 class=\"\" data-start=\"1532\" data-end=\"1558\">\ud83e\uddfc <strong data-start=\"1539\" data-end=\"1556\">Bak\u0131m Bilgisi<\/strong><\/h3>\n<ul data-start=\"1559\" data-end=\"1759\">\n<li class=\"\" data-start=\"1559\" data-end=\"1603\">\n<p class=\"\" data-start=\"1561\" data-end=\"1603\">30\u00b0C&#8217;de hassas y\u0131kama yap\u0131lmas\u0131 \u00f6nerilir<\/p>\n<\/li>\n<li class=\"\" data-start=\"1604\" data-end=\"1650\">\n<p class=\"\" data-start=\"1606\" data-end=\"1650\">A\u011fart\u0131c\u0131 ve kurutma makinesi kullanmay\u0131n\u0131z<\/p>\n<\/li>\n<li class=\"\" data-start=\"1651\" data-end=\"1679\">\n<p class=\"\" data-start=\"1653\" data-end=\"1679\">D\u00fc\u015f\u00fck \u0131s\u0131da \u00fct\u00fclenebilir<\/p>\n<\/li>\n<li class=\"\" data-start=\"1680\" data-end=\"1759\">\n<p class=\"\" data-start=\"1682\" data-end=\"1759\">Y\u0131kand\u0131k\u00e7a daha yumu\u015fak hale gelir \u2013 m\u00fcslin do\u011fas\u0131 gere\u011fi nefes al\u0131r ve ya\u015far<\/p>\n<\/li>\n<\/ul>\n<hr class=\"\" data-start=\"1761\" data-end=\"1764\" \/>\n<p class=\"\" data-start=\"1766\" data-end=\"1899\">\ud83d\udcac <strong data-start=\"1769\" data-end=\"1785\">WrapMe by DT<\/strong>, sadece \u0131slakl\u0131\u011f\u0131n\u0131z\u0131 almaz; g\u00fcn boyunca \u00fczerinizde ta\u015f\u0131yabilece\u011finiz, stilinizi yormayan bir konfor alan\u0131 sunar.<\/p>\n","protected":false},"excerpt":{"rendered":"<p>WrapMe by DT \u2013 M\u00fcslin S\u00f6rf Pan\u00e7osu Kurulan, giyin, rahatla. WrapMe, deniz sonras\u0131 h\u0131zl\u0131 kurulanma ve uzun s\u00fcreli kullan\u0131m konforu d\u00fc\u015f\u00fcn\u00fclerek tasarlanm\u0131\u015f, oversize kesime sahip kap\u00fc\u015fonlu bir pan\u00e7odur. %100 pamuktan \u00fcretilmi\u015f, iki katl\u0131 m\u00fcslin kuma\u015f\u0131 sayesinde hafif, nefes alabilir ve y\u00fcksek su emici \u00f6zellik g\u00f6sterir.V\u00fccudu sarar ama s\u0131kmaz; su sonras\u0131 kullan\u0131m i\u00e7in idealdir. Giydi\u011finizde sizi [&#8230;]\n","protected":false},"featured_media":1514,"comment_status":"closed","ping_status":"closed","template":"","meta":[],"product_brand":[],"product_cat":[266],"product_tag":[],"class_list":{"0":"post-1499","1":"product","2":"type-product","3":"status-publish","4":"has-post-thumbnail","6":"product_cat-mecollection","8":"first","9":"outofstock","10":"taxable","11":"shipping-taxable","12":"purchasable","13":"product-type-simple","14":"add-to-wishlist-after_add_to_cart"},"_links":{"self":[{"href":"https:\/\/www.dustyteal.com\/tr\/wp-json\/wp\/v2\/product\/1499","targetHints":{"allow":["GET"]}}],"collection":[{"href":"https:\/\/www.dustyteal.com\/tr\/wp-json\/wp\/v2\/product"}],"about":[{"href":"https:\/\/www.dustyteal.com\/tr\/wp-json\/wp\/v2\/types\/product"}],"replies":[{"embeddable":true,"href":"https:\/\/www.dustyteal.com\/tr\/wp-json\/wp\/v2\/comments?post=1499"}],"wp:featuredmedia":[{"embeddable":true,"href":"https:\/\/www.dustyteal.com\/tr\/wp-json\/wp\/v2\/media\/1514"}],"wp:attachment":[{"href":"https:\/\/www.dustyteal.com\/tr\/wp-json\/wp\/v2\/media?parent=1499"}],"wp:term":[{"taxonomy":"product_brand","embeddable":true,"href":"https:\/\/www.dustyteal.com\/tr\/wp-json\/wp\/v2\/product_brand?post=1499"},{"taxonomy":"product_cat","embeddable":true,"href":"https:\/\/www.dustyteal.com\/tr\/wp-json\/wp\/v2\/product_cat?post=1499"},{"taxonomy":"product_tag","embeddable":true,"href":"https:\/\/www.dustyteal.com\/tr\/wp-json\/wp\/v2\/product_tag?post=1499"}],"curies":[{"name":"wp","href":"https:\/\/api.w.org\/{rel}","templated":true}]}}