{"id":370,"date":"2014-08-10T10:06:55","date_gmt":"2014-08-10T07:06:55","guid":{"rendered":"https:\/\/www.dustyteal.com\/product\/sunset-uzun-muslin-kimono\/"},"modified":"2025-03-17T00:03:44","modified_gmt":"2025-03-16T21:03:44","slug":"rubi-uzun-kadin-muslin-kimono","status":"publish","type":"product","link":"https:\/\/www.dustyteal.com\/tr\/product\/rubi-uzun-kadin-muslin-kimono\/","title":{"rendered":"RUBI Uzun Kad\u0131n M\u00fcslin Kimono"},"content":{"rendered":"<h3>RUBI Uzun M\u00fcslin Kimono<\/h3>\n<p>Modern \u015f\u0131kl\u0131k ve konforun m\u00fckemmel bir kar\u0131\u015f\u0131m\u0131 olan uzun m\u00fcslin kimono, gard\u0131robunuza sofistike bir dokunu\u015f katar. \u00d6zel olarak \u00fcretilmi\u015f %40 bambu %60 pamuklu ekstra yumu\u015fak m\u00fcslin kuma\u015ftan \u00fcretilen bu \u00fcr\u00fcn, her mevsim i\u00e7in ideal olan nefes alabilen ve hafif bir kullan\u0131m sunar. Yumu\u015fak dokusu ve cilt dostu \u00f6zellikleri ile bu kimono, hem \u015f\u0131k hem de konforludur. Ayr\u0131ca, m\u00fcslin kuma\u015f\u0131n s\u00fcrd\u00fcr\u00fclebilir ve \u00e7evre dostu yap\u0131s\u0131 \u00e7evreye olan sayg\u0131n\u0131z\u0131 g\u00f6sterir.<\/p>\n<p><strong>\u00d6zellikler:<\/strong><\/p>\n<ul>\n<li>%100 do\u011fal ve s\u00fcrd\u00fcr\u00fclebilir %40 bambu %60 pamuklu ekstra yumu\u015fak \u00e7ift katl\u0131 m\u00fcslin kuma\u015f.<\/li>\n<li>Rahat hareket imkan\u0131 sa\u011flayan uzun ve geni\u015f kesim.<\/li>\n<li>Pratik kullan\u0131m i\u00e7in kolay giyilip \u00e7\u0131kar\u0131labilir tasar\u0131m.<\/li>\n<li>Her tarzla uyumlu zarif ve minimalist renkler.<\/li>\n<li>Y\u00fcksek emicilik \u00f6zelli\u011fi ile yaz\u0131n plajda, havuzda ve banyodan sonra kuru ve serin kalman\u0131z\u0131 sa\u011flar.<\/li>\n<li>Dayan\u0131kl\u0131 ve uzun \u00f6m\u00fcrl\u00fcd\u00fcr.<\/li>\n<li>\u00c7evre dostu \u00fcretim s\u00fcreci.<\/li>\n<\/ul>\n<p><strong>Kullan\u0131m Alanlar\u0131:<\/strong><\/p>\n<ul>\n<li>Sabahlar\u0131 veya ak\u015famlar\u0131 evde giymek i\u00e7in m\u00fckemmeldir.<\/li>\n<li>Plajda veya havuz kenar\u0131nda \u015f\u0131k bir stil yaratabilirsiniz.<\/li>\n<li>\u00d6zel g\u00fcnlerde ve davetlerde \u015f\u0131k bir tamamlay\u0131c\u0131 olarak kullanabilirsiniz.<\/li>\n<\/ul>\n","protected":false},"excerpt":{"rendered":"<p>Stilinizi %100 do\u011fal ve s\u00fcrd\u00fcr\u00fclebilir muslin kuma\u015ftan \u00fcretilen uzun muslin kimono ile y\u00fckseltin. Hafif ve nefes alabilen tasar\u0131m\u0131 her mevsim rahatl\u0131k sa\u011flar. Ev, plaj veya \u00f6zel g\u00fcnler i\u00e7in m\u00fckemmel olan bu kimono, banyo, y\u00fczme veya g\u00fcne\u015f sonras\u0131 kuru ve serin kalman\u0131z\u0131 sa\u011flar.<\/p>\n","protected":false},"featured_media":935,"comment_status":"open","ping_status":"closed","template":"","meta":[],"product_brand":[],"product_cat":[219,82],"product_tag":[88,117,89,85,84,173,87,83,86],"class_list":{"0":"post-370","1":"product","2":"type-product","3":"status-publish","4":"has-post-thumbnail","6":"product_cat-kadin","7":"product_cat-kimono","8":"product_tag-beyaz","9":"product_tag-kadin-tr","10":"product_tag-kadinlar","11":"product_tag-kimono-tr","12":"product_tag-koyu-mavi","13":"product_tag-lacivert","14":"product_tag-muslin-tr","15":"product_tag-pamuk","16":"product_tag-uzun","18":"first","19":"outofstock","20":"taxable","21":"shipping-taxable","22":"purchasable","23":"product-type-variable","24":"add-to-wishlist-after_add_to_cart"},"_links":{"self":[{"href":"https:\/\/www.dustyteal.com\/tr\/wp-json\/wp\/v2\/product\/370","targetHints":{"allow":["GET"]}}],"collection":[{"href":"https:\/\/www.dustyteal.com\/tr\/wp-json\/wp\/v2\/product"}],"about":[{"href":"https:\/\/www.dustyteal.com\/tr\/wp-json\/wp\/v2\/types\/product"}],"replies":[{"embeddable":true,"href":"https:\/\/www.dustyteal.com\/tr\/wp-json\/wp\/v2\/comments?post=370"}],"wp:featuredmedia":[{"embeddable":true,"href":"https:\/\/www.dustyteal.com\/tr\/wp-json\/wp\/v2\/media\/935"}],"wp:attachment":[{"href":"https:\/\/www.dustyteal.com\/tr\/wp-json\/wp\/v2\/media?parent=370"}],"wp:term":[{"taxonomy":"product_brand","embeddable":true,"href":"https:\/\/www.dustyteal.com\/tr\/wp-json\/wp\/v2\/product_brand?post=370"},{"taxonomy":"product_cat","embeddable":true,"href":"https:\/\/www.dustyteal.com\/tr\/wp-json\/wp\/v2\/product_cat?post=370"},{"taxonomy":"product_tag","embeddable":true,"href":"https:\/\/www.dustyteal.com\/tr\/wp-json\/wp\/v2\/product_tag?post=370"}],"curies":[{"name":"wp","href":"https:\/\/api.w.org\/{rel}","templated":true}]}}