{"id":668,"date":"2024-09-17T22:09:29","date_gmt":"2024-09-17T22:09:29","guid":{"rendered":"https:\/\/www.dustyteal.com\/product\/sunset-banyo-havlusu\/"},"modified":"2024-11-06T20:24:33","modified_gmt":"2024-11-06T17:24:33","slug":"milo-banyo-havlusu","status":"publish","type":"product","link":"https:\/\/www.dustyteal.com\/tr\/product\/milo-banyo-havlusu\/","title":{"rendered":"MILO Banyo Havlusu"},"content":{"rendered":"<h3>MILO Banyo Havlusu<\/h3>\n<p>Do\u011fal ve konforlu bir deneyim arayanlar i\u00e7in tasarlanan 4 katl\u0131 m\u00fcslin banyo havlusu, cildinize yumu\u015fak ve nazik bir dokunu\u015f sunuyor. %100 pamuklu m\u00fcslin kuma\u015ftan \u00fcretilen havlu, nefes alabilen kalitesi ve \u00e7abuk kuruma \u00f6zelli\u011fiyle \u00f6ne \u00e7\u0131k\u0131yor. Ultra hafif tasar\u0131m\u0131, kullan\u0131m s\u0131ras\u0131nda herhangi bir hacim eklemeden rahatl\u0131k sa\u011flar. Hassas ciltler i\u00e7in ideal olan bu havlu, y\u00fcksek emicilik ve dayan\u0131kl\u0131l\u0131k sa\u011flayarak banyo ihtiya\u00e7lar\u0131n\u0131za uzun \u00f6m\u00fcrl\u00fc bir katk\u0131 sa\u011flar. \u0130ster plajda, ister havuz kenar\u0131nda, ister evde rahatlat\u0131c\u0131 bir banyodan sonra, bu do\u011fal havlu minimalist ve \u015f\u0131k tasar\u0131m\u0131yla m\u00fckemmel bir arkada\u015ft\u0131r. \u00c7evre dostu, do\u011fal liflerden \u00fcretilen bu havlu, modern ya\u015fam\u0131n s\u00fcrd\u00fcr\u00fclebilir ihtiya\u00e7lar\u0131n\u0131 da kar\u015f\u0131lar. Hem kendiniz hem de sevdikleriniz i\u00e7in m\u00fckemmel bir se\u00e7im!  <\/p>\n","protected":false},"excerpt":{"rendered":"<p>Konfor i\u00e7in tasarlanan bu 4 katmanl\u0131 muslin banyo havlusu %100 pamuktan \u00fcretilmi\u015ftir ve hassas ciltler i\u00e7in yumu\u015fak bir dokunu\u015f ve \u00e7abuk kuruma \u00f6zellikleri sunar. Hafif ve y\u00fcksek emicili\u011fe sahip bu havlu plaj, havuz kenar\u0131 veya banyo sonras\u0131 i\u00e7in idealdir ve minimalist tarz\u0131 \u00e7evre dostu tasar\u0131mla birle\u015ftirir. G\u00fcnl\u00fck kullan\u0131m i\u00e7in dayan\u0131kl\u0131 ve s\u00fcrd\u00fcr\u00fclebilir bir se\u00e7im.  <\/p>\n","protected":false},"featured_media":725,"comment_status":"open","ping_status":"closed","template":"","meta":[],"product_brand":[],"product_cat":[75],"product_tag":[130,186,176,87,177],"class_list":{"0":"post-668","1":"product","2":"type-product","3":"status-publish","4":"has-post-thumbnail","6":"product_cat-banyo","7":"product_tag-banyo","8":"product_tag-banyo-havlusu","9":"product_tag-havlu","10":"product_tag-muslin-tr","11":"product_tag-muslinhavlu","13":"first","14":"instock","15":"sale","16":"taxable","17":"shipping-taxable","18":"purchasable","19":"product-type-variable","20":"add-to-wishlist-after_add_to_cart"},"_links":{"self":[{"href":"https:\/\/www.dustyteal.com\/tr\/wp-json\/wp\/v2\/product\/668","targetHints":{"allow":["GET"]}}],"collection":[{"href":"https:\/\/www.dustyteal.com\/tr\/wp-json\/wp\/v2\/product"}],"about":[{"href":"https:\/\/www.dustyteal.com\/tr\/wp-json\/wp\/v2\/types\/product"}],"replies":[{"embeddable":true,"href":"https:\/\/www.dustyteal.com\/tr\/wp-json\/wp\/v2\/comments?post=668"}],"wp:featuredmedia":[{"embeddable":true,"href":"https:\/\/www.dustyteal.com\/tr\/wp-json\/wp\/v2\/media\/725"}],"wp:attachment":[{"href":"https:\/\/www.dustyteal.com\/tr\/wp-json\/wp\/v2\/media?parent=668"}],"wp:term":[{"taxonomy":"product_brand","embeddable":true,"href":"https:\/\/www.dustyteal.com\/tr\/wp-json\/wp\/v2\/product_brand?post=668"},{"taxonomy":"product_cat","embeddable":true,"href":"https:\/\/www.dustyteal.com\/tr\/wp-json\/wp\/v2\/product_cat?post=668"},{"taxonomy":"product_tag","embeddable":true,"href":"https:\/\/www.dustyteal.com\/tr\/wp-json\/wp\/v2\/product_tag?post=668"}],"curies":[{"name":"wp","href":"https:\/\/api.w.org\/{rel}","templated":true}]}}