{"id":855,"date":"2024-09-27T13:13:33","date_gmt":"2024-09-27T10:13:33","guid":{"rendered":"https:\/\/www.dustyteal.com\/?post_type=product&#038;p=855"},"modified":"2026-03-25T10:09:29","modified_gmt":"2026-03-25T07:09:29","slug":"milo-bas-havlusu","status":"publish","type":"product","link":"https:\/\/www.dustyteal.com\/tr\/product\/milo-bas-havlusu\/","title":{"rendered":"MILO Y\u00fcz\/El Havlusu"},"content":{"rendered":"<h3>MILO Y\u00fcz\/El Havlusu<\/h3>\n<p>Do\u011fal ve konforlu bir deneyim arayanlar i\u00e7in tasarlanan 4 katmanl\u0131 m\u00fcslin y\u00fcz ve el havlusu, cildinize yumu\u015fak ve nazik bir dokunu\u015f sunar. %100 pamuklu m\u00fcslin kuma\u015ftan \u00fcretilmi\u015ftir. \u00c7ok hafif, nefes alabilen ve \u00e7abuk kuruyan bir kuma\u015fa sahiptir. Hassas ciltler i\u00e7in idealdir ve y\u00fcksek emicilik sa\u011flar   <\/p>\n<p>\u0130ster plajda, ister havuz kenar\u0131nda, ister evde rahatlat\u0131c\u0131 bir banyodan sonra, bu havlular m\u00fckemmel bir arkada\u015ft\u0131r.<\/p>\n<p>\u00c7evre dostu, do\u011fal liflerden \u00fcretilen m\u00fcslin havlumuz, modern ya\u015fam\u0131n s\u00fcrd\u00fcr\u00fclebilir ihtiya\u00e7lar\u0131n\u0131 da kar\u015f\u0131l\u0131yor. Hem kendiniz hem de sevdikleriniz i\u00e7in m\u00fckemmel bir se\u00e7im! <\/p>\n","protected":false},"excerpt":{"rendered":"<p>Konfor i\u00e7in tasarlanan bu 4 katmanl\u0131 m\u00fcslin y\u00fcz ve el havlusu %100 pamuktan \u00fcretilmi\u015ftir ve hassas ciltler i\u00e7in yumu\u015fak bir dokunu\u015f ve \u00e7abuk kuruma \u00f6zellikleri sunar. Hafif ve y\u00fcksek emicili\u011fe sahip olan bu havlu plaj, havuz kenar\u0131 veya banyo sonras\u0131 i\u00e7in idealdir ve minimalist tarz\u0131 \u00e7evre dostu tasar\u0131mla birle\u015ftirir. G\u00fcnl\u00fck kullan\u0131m i\u00e7in dayan\u0131kl\u0131 ve s\u00fcrd\u00fcr\u00fclebilir bir se\u00e7im.  <\/p>\n","protected":false},"featured_media":860,"comment_status":"open","ping_status":"closed","template":"","meta":[],"product_brand":[],"product_cat":[75],"product_tag":[130,186,192,213,176,87,177],"class_list":{"0":"post-855","1":"product","2":"type-product","3":"status-publish","4":"has-post-thumbnail","6":"product_cat-banyo","7":"product_tag-banyo","8":"product_tag-banyo-havlusu","9":"product_tag-bashavlusu","10":"product_tag-el-havlusu","11":"product_tag-havlu","12":"product_tag-muslin-tr","13":"product_tag-muslinhavlu","15":"first","16":"instock","17":"sale","18":"taxable","19":"shipping-taxable","20":"purchasable","21":"product-type-variable","22":"add-to-wishlist-after_add_to_cart"},"_links":{"self":[{"href":"https:\/\/www.dustyteal.com\/tr\/wp-json\/wp\/v2\/product\/855","targetHints":{"allow":["GET"]}}],"collection":[{"href":"https:\/\/www.dustyteal.com\/tr\/wp-json\/wp\/v2\/product"}],"about":[{"href":"https:\/\/www.dustyteal.com\/tr\/wp-json\/wp\/v2\/types\/product"}],"replies":[{"embeddable":true,"href":"https:\/\/www.dustyteal.com\/tr\/wp-json\/wp\/v2\/comments?post=855"}],"wp:featuredmedia":[{"embeddable":true,"href":"https:\/\/www.dustyteal.com\/tr\/wp-json\/wp\/v2\/media\/860"}],"wp:attachment":[{"href":"https:\/\/www.dustyteal.com\/tr\/wp-json\/wp\/v2\/media?parent=855"}],"wp:term":[{"taxonomy":"product_brand","embeddable":true,"href":"https:\/\/www.dustyteal.com\/tr\/wp-json\/wp\/v2\/product_brand?post=855"},{"taxonomy":"product_cat","embeddable":true,"href":"https:\/\/www.dustyteal.com\/tr\/wp-json\/wp\/v2\/product_cat?post=855"},{"taxonomy":"product_tag","embeddable":true,"href":"https:\/\/www.dustyteal.com\/tr\/wp-json\/wp\/v2\/product_tag?post=855"}],"curies":[{"name":"wp","href":"https:\/\/api.w.org\/{rel}","templated":true}]}}